{"id":9953,"date":"2024-12-05T21:29:03","date_gmt":"2024-12-06T00:29:03","guid":{"rendered":"https:\/\/mbconsultoraeducativa.com\/?post_type=product&#038;p=9953"},"modified":"2026-04-06T11:30:20","modified_gmt":"2026-04-06T14:30:20","slug":"combo-actas-escolares-librotaller-en-vivo","status":"publish","type":"product","link":"https:\/\/mbconsultoraeducativa.com\/index.php\/producto\/combo-actas-escolares-librotaller-en-vivo\/","title":{"rendered":"COMBO ACTAS ESCOLARES: LIBRO+TALLER EN VIVO"},"content":{"rendered":"<p>\ud83d\udcda Nuestro libro \u00abC\u00f3mo redactar actas escolares\u00bb, que es una gu\u00eda completa con an\u00e1lisis de casos y procedimientos detallados. Te llega a domicilio en 2 a 5 d\u00edas h\u00e1biles, mediante correo argentino. M\u00e1s informaci\u00f3n: <a href=\"https:\/\/mbconsultoraeducativa.com\/index.php\/libro-como-redactar-actas-escolares\/\">https:\/\/mbconsultoraeducativa.com\/index.php\/libro-como-redactar-actas-escolares\/<\/a><\/p>\n<p>\ud83d\udda5\ufe0f Nuestro taller pr\u00e1ctico, donde aprender\u00e1s a elaborar actas correctamente y conocer los protocolos necesarios. M\u00e1s informaci\u00f3n: <a href=\"https:\/\/mbconsultoraeducativa.com\/index.php\/taller-actas-escolares\/\">https:\/\/mbconsultoraeducativa.com\/index.php\/taller-actas-escolares\/ <strong>(16\/05\/2026)<\/strong><\/a><\/p>\n<p><a href=\"https:\/\/wa.link\/i6wsup\">Abonar mediante transferencia con 10% de descuento EXTRA, AQU\u00cd<\/a><\/p>\n","protected":false},"excerpt":{"rendered":"<p>\ud83d\udcda Nuestro libro \u00abC\u00f3mo redactar actas escolares\u00bb, que es una gu\u00eda completa con an\u00e1lisis de casos y procedimientos detallados. Te llega a domicilio en 2 a 5 d\u00edas h\u00e1biles, mediante correo argentino. M\u00e1s informaci\u00f3n: <a href=\"https:\/\/mbconsultoraeducativa.com\/index.php\/libro-como-redactar-actas-escolares\/\">https:\/\/mbconsultoraeducativa.com\/index.php\/libro-como-redactar-actas-escolares\/<\/a><\/p>\n<p>\ud83d\udda5\ufe0f Nuestro taller pr\u00e1ctico, donde aprender\u00e1s a elaborar actas correctamente y conocer los protocolos necesarios. M\u00e1s informaci\u00f3n: <a href=\"https:\/\/mbconsultoraeducativa.com\/index.php\/taller-actas-escolares\/\">https:\/\/mbconsultoraeducativa.com\/index.php\/taller-actas-escolares\/<\/a><\/p>\n<p><a href=\"https:\/\/wa.link\/i6wsup\">Abonar mediante transferencia con 10% de descuento EXTRA, AQU\u00cd<\/a><\/p>\n<p>&nbsp;<\/p>\n<p>&nbsp;<\/p>\n","protected":false},"featured_media":9954,"template":"","meta":{"site-sidebar-layout":"default","site-content-layout":"","ast-site-content-layout":"default","site-content-style":"default","site-sidebar-style":"default","ast-global-header-display":"","ast-banner-title-visibility":"","ast-main-header-display":"","ast-hfb-above-header-display":"","ast-hfb-below-header-display":"","ast-hfb-mobile-header-display":"","site-post-title":"","ast-breadcrumbs-content":"","ast-featured-img":"","footer-sml-layout":"","ast-disable-related-posts":"","theme-transparent-header-meta":"default","adv-header-id-meta":"","stick-header-meta":"","header-above-stick-meta":"","header-main-stick-meta":"","header-below-stick-meta":"","astra-migrate-meta-layouts":"set","ast-page-background-enabled":"default","ast-page-background-meta":{"desktop":{"background-color":"var(--ast-global-color-4)","background-image":"","background-repeat":"repeat","background-position":"center center","background-size":"auto","background-attachment":"scroll","background-type":"","background-media":"","overlay-type":"","overlay-color":"","overlay-opacity":"","overlay-gradient":""},"tablet":{"background-color":"","background-image":"","background-repeat":"repeat","background-position":"center center","background-size":"auto","background-attachment":"scroll","background-type":"","background-media":"","overlay-type":"","overlay-color":"","overlay-opacity":"","overlay-gradient":""},"mobile":{"background-color":"","background-image":"","background-repeat":"repeat","background-position":"center center","background-size":"auto","background-attachment":"scroll","background-type":"","background-media":"","overlay-type":"","overlay-color":"","overlay-opacity":"","overlay-gradient":""}},"ast-content-background-meta":{"desktop":{"background-color":"var(--ast-global-color-5)","background-image":"","background-repeat":"repeat","background-position":"center center","background-size":"auto","background-attachment":"scroll","background-type":"","background-media":"","overlay-type":"","overlay-color":"","overlay-opacity":"","overlay-gradient":""},"tablet":{"background-color":"var(--ast-global-color-5)","background-image":"","background-repeat":"repeat","background-position":"center center","background-size":"auto","background-attachment":"scroll","background-type":"","background-media":"","overlay-type":"","overlay-color":"","overlay-opacity":"","overlay-gradient":""},"mobile":{"background-color":"var(--ast-global-color-5)","background-image":"","background-repeat":"repeat","background-position":"center center","background-size":"auto","background-attachment":"scroll","background-type":"","background-media":"","overlay-type":"","overlay-color":"","overlay-opacity":"","overlay-gradient":""}},"_joinchat":[]},"product_brand":[],"product_cat":[15],"product_tag":[],"class_list":{"0":"post-9953","1":"product","2":"type-product","3":"status-publish","4":"has-post-thumbnail","6":"product_cat-sin-categorizar","7":"product_shipping_class-correo-argentino","8":"desktop-align-left","9":"tablet-align-left","10":"mobile-align-left","12":"first","13":"instock","14":"sale","15":"shipping-taxable","16":"purchasable","17":"product-type-simple"},"_links":{"self":[{"href":"https:\/\/mbconsultoraeducativa.com\/index.php\/wp-json\/wp\/v2\/product\/9953","targetHints":{"allow":["GET"]}}],"collection":[{"href":"https:\/\/mbconsultoraeducativa.com\/index.php\/wp-json\/wp\/v2\/product"}],"about":[{"href":"https:\/\/mbconsultoraeducativa.com\/index.php\/wp-json\/wp\/v2\/types\/product"}],"wp:featuredmedia":[{"embeddable":true,"href":"https:\/\/mbconsultoraeducativa.com\/index.php\/wp-json\/wp\/v2\/media\/9954"}],"wp:attachment":[{"href":"https:\/\/mbconsultoraeducativa.com\/index.php\/wp-json\/wp\/v2\/media?parent=9953"}],"wp:term":[{"taxonomy":"product_brand","embeddable":true,"href":"https:\/\/mbconsultoraeducativa.com\/index.php\/wp-json\/wp\/v2\/product_brand?post=9953"},{"taxonomy":"product_cat","embeddable":true,"href":"https:\/\/mbconsultoraeducativa.com\/index.php\/wp-json\/wp\/v2\/product_cat?post=9953"},{"taxonomy":"product_tag","embeddable":true,"href":"https:\/\/mbconsultoraeducativa.com\/index.php\/wp-json\/wp\/v2\/product_tag?post=9953"}],"curies":[{"name":"wp","href":"https:\/\/api.w.org\/{rel}","templated":true}]}}