{"id":6193,"date":"2024-06-20T13:03:34","date_gmt":"2024-06-20T16:03:34","guid":{"rendered":"https:\/\/mbconsultoraeducativa.com\/?post_type=product&#038;p=6193"},"modified":"2025-09-09T14:12:10","modified_gmt":"2025-09-09T17:12:10","slug":"taller-practico-para-secretarios-as-de-instituciones-educativas","status":"publish","type":"product","link":"https:\/\/mbconsultoraeducativa.com\/index.php\/producto\/taller-practico-para-secretarios-as-de-instituciones-educativas\/","title":{"rendered":"Grabaci\u00f3n del taller \u00abC\u00f3mo organizar la Secretar\u00eda de una Instituci\u00f3n Educativa\u00bb"},"content":{"rendered":"<p><strong>Se llev\u00f3 a cabo en agosto del 2025.\u00a0<\/strong><\/p>\n<p>Pod\u00e9s adquirir la grabaci\u00f3n + material pr\u00e1ctico y te\u00f3rico.<\/p>\n<p><a href=\"https:\/\/wa.link\/o1tbky\">Si quer\u00e9s adquirirlo mediante transferencia con el 10% de descuento, hac\u00e9 clic aqu\u00ed<\/a><\/p>\n","protected":false},"excerpt":{"rendered":"<p><strong>Se llev\u00f3 a cabo en agosto del 2025.\u00a0<\/strong><\/p>\n<p>Pod\u00e9s adquirir la grabaci\u00f3n + material pr\u00e1ctico y te\u00f3rico.<\/p>\n<p><a href=\"https:\/\/wa.link\/o1tbky\">Si quer\u00e9s adquirirlo mediante transferencia con el 10% de descuento, hac\u00e9 clic aqu\u00ed<\/a><\/p>\n","protected":false},"featured_media":8676,"template":"","meta":{"site-sidebar-layout":"default","site-content-layout":"","ast-site-content-layout":"default","site-content-style":"default","site-sidebar-style":"default","ast-global-header-display":"","ast-banner-title-visibility":"","ast-main-header-display":"","ast-hfb-above-header-display":"","ast-hfb-below-header-display":"","ast-hfb-mobile-header-display":"","site-post-title":"","ast-breadcrumbs-content":"","ast-featured-img":"","footer-sml-layout":"","ast-disable-related-posts":"","theme-transparent-header-meta":"default","adv-header-id-meta":"","stick-header-meta":"","header-above-stick-meta":"","header-main-stick-meta":"","header-below-stick-meta":"","astra-migrate-meta-layouts":"set","ast-page-background-enabled":"default","ast-page-background-meta":{"desktop":{"background-color":"var(--ast-global-color-4)","background-image":"","background-repeat":"repeat","background-position":"center center","background-size":"auto","background-attachment":"scroll","background-type":"","background-media":"","overlay-type":"","overlay-color":"","overlay-opacity":"","overlay-gradient":""},"tablet":{"background-color":"","background-image":"","background-repeat":"repeat","background-position":"center center","background-size":"auto","background-attachment":"scroll","background-type":"","background-media":"","overlay-type":"","overlay-color":"","overlay-opacity":"","overlay-gradient":""},"mobile":{"background-color":"","background-image":"","background-repeat":"repeat","background-position":"center center","background-size":"auto","background-attachment":"scroll","background-type":"","background-media":"","overlay-type":"","overlay-color":"","overlay-opacity":"","overlay-gradient":""}},"ast-content-background-meta":{"desktop":{"background-color":"var(--ast-global-color-5)","background-image":"","background-repeat":"repeat","background-position":"center center","background-size":"auto","background-attachment":"scroll","background-type":"","background-media":"","overlay-type":"","overlay-color":"","overlay-opacity":"","overlay-gradient":""},"tablet":{"background-color":"var(--ast-global-color-5)","background-image":"","background-repeat":"repeat","background-position":"center center","background-size":"auto","background-attachment":"scroll","background-type":"","background-media":"","overlay-type":"","overlay-color":"","overlay-opacity":"","overlay-gradient":""},"mobile":{"background-color":"var(--ast-global-color-5)","background-image":"","background-repeat":"repeat","background-position":"center center","background-size":"auto","background-attachment":"scroll","background-type":"","background-media":"","overlay-type":"","overlay-color":"","overlay-opacity":"","overlay-gradient":""}},"_joinchat":[]},"product_brand":[],"product_cat":[15],"product_tag":[],"class_list":{"0":"post-6193","1":"product","2":"type-product","3":"status-publish","4":"has-post-thumbnail","6":"product_cat-sin-categorizar","7":"desktop-align-left","8":"tablet-align-left","9":"mobile-align-left","11":"first","12":"instock","13":"virtual","14":"purchasable","15":"product-type-simple"},"_links":{"self":[{"href":"https:\/\/mbconsultoraeducativa.com\/index.php\/wp-json\/wp\/v2\/product\/6193","targetHints":{"allow":["GET"]}}],"collection":[{"href":"https:\/\/mbconsultoraeducativa.com\/index.php\/wp-json\/wp\/v2\/product"}],"about":[{"href":"https:\/\/mbconsultoraeducativa.com\/index.php\/wp-json\/wp\/v2\/types\/product"}],"wp:featuredmedia":[{"embeddable":true,"href":"https:\/\/mbconsultoraeducativa.com\/index.php\/wp-json\/wp\/v2\/media\/8676"}],"wp:attachment":[{"href":"https:\/\/mbconsultoraeducativa.com\/index.php\/wp-json\/wp\/v2\/media?parent=6193"}],"wp:term":[{"taxonomy":"product_brand","embeddable":true,"href":"https:\/\/mbconsultoraeducativa.com\/index.php\/wp-json\/wp\/v2\/product_brand?post=6193"},{"taxonomy":"product_cat","embeddable":true,"href":"https:\/\/mbconsultoraeducativa.com\/index.php\/wp-json\/wp\/v2\/product_cat?post=6193"},{"taxonomy":"product_tag","embeddable":true,"href":"https:\/\/mbconsultoraeducativa.com\/index.php\/wp-json\/wp\/v2\/product_tag?post=6193"}],"curies":[{"name":"wp","href":"https:\/\/api.w.org\/{rel}","templated":true}]}}