{"id":19912,"date":"2026-05-08T10:53:43","date_gmt":"2026-05-08T13:53:43","guid":{"rendered":"https:\/\/mbconsultoraeducativa.com\/?post_type=product&#038;p=19912"},"modified":"2026-05-08T10:54:06","modified_gmt":"2026-05-08T13:54:06","slug":"combo-libro-actas-agenda-docente","status":"publish","type":"product","link":"https:\/\/mbconsultoraeducativa.com\/index.php\/producto\/combo-libro-actas-agenda-docente\/","title":{"rendered":"COMBO: Libro Actas + Agenda Docente"},"content":{"rendered":"<p>Libro \u00abC\u00f3mo redactar actas escolares\u00bb + Agenda Interactiva para Docentes.<\/p>\n<p>Abonas la agenda con un 50% off.<\/p>\n<p>Abonas un solo env\u00edo.<\/p>\n<p><a href=\"https:\/\/wa.link\/di986g\">Si quer\u00e9s abonar mediante transferencia con un 10% extra en el libro + env\u00edo a domicilio (total: $54.800), hac\u00e9 clic AQU\u00cd<\/a><\/p>\n<p><a href=\"https:\/\/wa.link\/j1k2re\">Si quer\u00e9s abonar mediante transferencia con un 10% extra en el libro + env\u00edo a sucursal del correo (total: $51.800), hac\u00e9 clic AQU\u00cd<\/a><\/p>\n","protected":false},"excerpt":{"rendered":"<p>Libro \u00abC\u00f3mo redactar actas escolares\u00bb + Agenda Interactiva para Docentes.<\/p>\n<p>Abonas la agenda con un 50% off.<\/p>\n<p>Abonas un solo env\u00edo.<\/p>\n<p><a href=\"https:\/\/wa.link\/di986g\">Si quer\u00e9s abonar mediante transferencia con un 10% extra en el libro + env\u00edo a domicilio (total: $54.800), hac\u00e9 clic AQU\u00cd<\/a><\/p>\n<p><a href=\"https:\/\/wa.link\/j1k2re\">Si quer\u00e9s abonar mediante transferencia con un 10% extra en el libro + env\u00edo a sucursal del correo (total: $51.800), hac\u00e9 clic AQU\u00cd<\/a><\/p>\n","protected":false},"featured_media":19913,"template":"","meta":{"site-sidebar-layout":"default","site-content-layout":"","ast-site-content-layout":"default","site-content-style":"default","site-sidebar-style":"default","ast-global-header-display":"","ast-banner-title-visibility":"","ast-main-header-display":"","ast-hfb-above-header-display":"","ast-hfb-below-header-display":"","ast-hfb-mobile-header-display":"","site-post-title":"","ast-breadcrumbs-content":"","ast-featured-img":"","footer-sml-layout":"","ast-disable-related-posts":"","theme-transparent-header-meta":"default","adv-header-id-meta":"","stick-header-meta":"","header-above-stick-meta":"","header-main-stick-meta":"","header-below-stick-meta":"","astra-migrate-meta-layouts":"set","ast-page-background-enabled":"default","ast-page-background-meta":{"desktop":{"background-color":"var(--ast-global-color-4)","background-image":"","background-repeat":"repeat","background-position":"center center","background-size":"auto","background-attachment":"scroll","background-type":"","background-media":"","overlay-type":"","overlay-color":"","overlay-opacity":"","overlay-gradient":""},"tablet":{"background-color":"","background-image":"","background-repeat":"repeat","background-position":"center center","background-size":"auto","background-attachment":"scroll","background-type":"","background-media":"","overlay-type":"","overlay-color":"","overlay-opacity":"","overlay-gradient":""},"mobile":{"background-color":"","background-image":"","background-repeat":"repeat","background-position":"center center","background-size":"auto","background-attachment":"scroll","background-type":"","background-media":"","overlay-type":"","overlay-color":"","overlay-opacity":"","overlay-gradient":""}},"ast-content-background-meta":{"desktop":{"background-color":"var(--ast-global-color-5)","background-image":"","background-repeat":"repeat","background-position":"center center","background-size":"auto","background-attachment":"scroll","background-type":"","background-media":"","overlay-type":"","overlay-color":"","overlay-opacity":"","overlay-gradient":""},"tablet":{"background-color":"var(--ast-global-color-5)","background-image":"","background-repeat":"repeat","background-position":"center center","background-size":"auto","background-attachment":"scroll","background-type":"","background-media":"","overlay-type":"","overlay-color":"","overlay-opacity":"","overlay-gradient":""},"mobile":{"background-color":"var(--ast-global-color-5)","background-image":"","background-repeat":"repeat","background-position":"center center","background-size":"auto","background-attachment":"scroll","background-type":"","background-media":"","overlay-type":"","overlay-color":"","overlay-opacity":"","overlay-gradient":""}},"_joinchat":[]},"product_brand":[],"product_cat":[15],"product_tag":[],"class_list":{"0":"post-19912","1":"product","2":"type-product","3":"status-publish","4":"has-post-thumbnail","6":"product_cat-sin-categorizar","7":"desktop-align-left","8":"tablet-align-left","9":"mobile-align-left","11":"first","12":"instock","13":"shipping-taxable","14":"purchasable","15":"product-type-simple"},"_links":{"self":[{"href":"https:\/\/mbconsultoraeducativa.com\/index.php\/wp-json\/wp\/v2\/product\/19912","targetHints":{"allow":["GET"]}}],"collection":[{"href":"https:\/\/mbconsultoraeducativa.com\/index.php\/wp-json\/wp\/v2\/product"}],"about":[{"href":"https:\/\/mbconsultoraeducativa.com\/index.php\/wp-json\/wp\/v2\/types\/product"}],"wp:featuredmedia":[{"embeddable":true,"href":"https:\/\/mbconsultoraeducativa.com\/index.php\/wp-json\/wp\/v2\/media\/19913"}],"wp:attachment":[{"href":"https:\/\/mbconsultoraeducativa.com\/index.php\/wp-json\/wp\/v2\/media?parent=19912"}],"wp:term":[{"taxonomy":"product_brand","embeddable":true,"href":"https:\/\/mbconsultoraeducativa.com\/index.php\/wp-json\/wp\/v2\/product_brand?post=19912"},{"taxonomy":"product_cat","embeddable":true,"href":"https:\/\/mbconsultoraeducativa.com\/index.php\/wp-json\/wp\/v2\/product_cat?post=19912"},{"taxonomy":"product_tag","embeddable":true,"href":"https:\/\/mbconsultoraeducativa.com\/index.php\/wp-json\/wp\/v2\/product_tag?post=19912"}],"curies":[{"name":"wp","href":"https:\/\/api.w.org\/{rel}","templated":true}]}}