{"id":19208,"date":"2026-02-20T17:48:56","date_gmt":"2026-02-20T20:48:56","guid":{"rendered":"https:\/\/mbconsultoraeducativa.com\/?post_type=product&#038;p=19208"},"modified":"2026-03-31T11:44:16","modified_gmt":"2026-03-31T14:44:16","slug":"taller-en-vivo-resolucion-de-problematicas-para-secretarias-os","status":"publish","type":"product","link":"https:\/\/mbconsultoraeducativa.com\/index.php\/producto\/taller-en-vivo-resolucion-de-problematicas-para-secretarias-os\/","title":{"rendered":"Grabaci\u00f3n del taller en vivo: Resoluci\u00f3n de problem\u00e1ticas para secretarias\/os"},"content":{"rendered":"<p>S\u00e1bado 28\/03\/2026 de 9 a 12hs.<\/p>\n<p><a href=\"https:\/\/wa.link\/dshhhs\">Si quer\u00e9s abonar en un pago mediante transferencia con descuento ($31.500), HAC\u00c9 CLIC AQU\u00cd<\/a><\/p>\n<p><a href=\"https:\/\/wa.link\/t668pn\">Si sos alumno\/a del curso de pruebas de selecci\u00f3n para cargo de secretario\/a y quer\u00e9s inscribirte al taller con descuento, CLIC AC\u00c1<\/a><\/p>\n","protected":false},"excerpt":{"rendered":"<p>S\u00e1bado 28\/03\/2026 de 9 a 12hs.<\/p>\n<p><a href=\"https:\/\/wa.link\/dshhhs\">Si quer\u00e9s abonar en un pago mediante transferencia con descuento ($31.500), HAC\u00c9 CLIC AQU\u00cd<\/a><\/p>\n<p><a href=\"https:\/\/wa.link\/t668pn\">Si sos alumno\/a del curso de pruebas de selecci\u00f3n para cargo de secretario\/a y quer\u00e9s inscribirte al taller con descuento, CLIC AC\u00c1<\/a><\/p>\n","protected":false},"featured_media":0,"template":"","meta":{"site-sidebar-layout":"default","site-content-layout":"","ast-site-content-layout":"default","site-content-style":"default","site-sidebar-style":"default","ast-global-header-display":"","ast-banner-title-visibility":"","ast-main-header-display":"","ast-hfb-above-header-display":"","ast-hfb-below-header-display":"","ast-hfb-mobile-header-display":"","site-post-title":"","ast-breadcrumbs-content":"","ast-featured-img":"","footer-sml-layout":"","ast-disable-related-posts":"","theme-transparent-header-meta":"default","adv-header-id-meta":"","stick-header-meta":"","header-above-stick-meta":"","header-main-stick-meta":"","header-below-stick-meta":"","astra-migrate-meta-layouts":"set","ast-page-background-enabled":"default","ast-page-background-meta":{"desktop":{"background-color":"var(--ast-global-color-4)","background-image":"","background-repeat":"repeat","background-position":"center center","background-size":"auto","background-attachment":"scroll","background-type":"","background-media":"","overlay-type":"","overlay-color":"","overlay-opacity":"","overlay-gradient":""},"tablet":{"background-color":"","background-image":"","background-repeat":"repeat","background-position":"center center","background-size":"auto","background-attachment":"scroll","background-type":"","background-media":"","overlay-type":"","overlay-color":"","overlay-opacity":"","overlay-gradient":""},"mobile":{"background-color":"","background-image":"","background-repeat":"repeat","background-position":"center center","background-size":"auto","background-attachment":"scroll","background-type":"","background-media":"","overlay-type":"","overlay-color":"","overlay-opacity":"","overlay-gradient":""}},"ast-content-background-meta":{"desktop":{"background-color":"var(--ast-global-color-5)","background-image":"","background-repeat":"repeat","background-position":"center center","background-size":"auto","background-attachment":"scroll","background-type":"","background-media":"","overlay-type":"","overlay-color":"","overlay-opacity":"","overlay-gradient":""},"tablet":{"background-color":"var(--ast-global-color-5)","background-image":"","background-repeat":"repeat","background-position":"center center","background-size":"auto","background-attachment":"scroll","background-type":"","background-media":"","overlay-type":"","overlay-color":"","overlay-opacity":"","overlay-gradient":""},"mobile":{"background-color":"var(--ast-global-color-5)","background-image":"","background-repeat":"repeat","background-position":"center center","background-size":"auto","background-attachment":"scroll","background-type":"","background-media":"","overlay-type":"","overlay-color":"","overlay-opacity":"","overlay-gradient":""}},"_joinchat":{"telephone":"+542262533486"}},"product_brand":[],"product_cat":[15,26],"product_tag":[],"class_list":{"0":"post-19208","1":"product","2":"type-product","3":"status-publish","5":"product_cat-sin-categorizar","6":"product_cat-talleres","7":"desktop-align-left","8":"tablet-align-left","9":"mobile-align-left","11":"first","12":"instock","13":"virtual","14":"purchasable","15":"product-type-simple"},"_links":{"self":[{"href":"https:\/\/mbconsultoraeducativa.com\/index.php\/wp-json\/wp\/v2\/product\/19208","targetHints":{"allow":["GET"]}}],"collection":[{"href":"https:\/\/mbconsultoraeducativa.com\/index.php\/wp-json\/wp\/v2\/product"}],"about":[{"href":"https:\/\/mbconsultoraeducativa.com\/index.php\/wp-json\/wp\/v2\/types\/product"}],"wp:attachment":[{"href":"https:\/\/mbconsultoraeducativa.com\/index.php\/wp-json\/wp\/v2\/media?parent=19208"}],"wp:term":[{"taxonomy":"product_brand","embeddable":true,"href":"https:\/\/mbconsultoraeducativa.com\/index.php\/wp-json\/wp\/v2\/product_brand?post=19208"},{"taxonomy":"product_cat","embeddable":true,"href":"https:\/\/mbconsultoraeducativa.com\/index.php\/wp-json\/wp\/v2\/product_cat?post=19208"},{"taxonomy":"product_tag","embeddable":true,"href":"https:\/\/mbconsultoraeducativa.com\/index.php\/wp-json\/wp\/v2\/product_tag?post=19208"}],"curies":[{"name":"wp","href":"https:\/\/api.w.org\/{rel}","templated":true}]}}