{"id":11367,"date":"2025-01-31T14:49:56","date_gmt":"2025-01-31T17:49:56","guid":{"rendered":"https:\/\/mbconsultoraeducativa.com\/?post_type=product&#038;p=11367"},"modified":"2026-03-14T09:57:21","modified_gmt":"2026-03-14T12:57:21","slug":"libro-como-organizar-la-secretaria-de-una-institucion-educativa","status":"publish","type":"product","link":"https:\/\/mbconsultoraeducativa.com\/index.php\/producto\/libro-como-organizar-la-secretaria-de-una-institucion-educativa\/","title":{"rendered":"Libro \u00abC\u00f3mo organizar la secretar\u00eda de una Instituci\u00f3n Educativa\u00bb"},"content":{"rendered":"<ul>\n<li>Para todo el pa\u00eds.<\/li>\n<li>Para todos los niveles y modalidades.<\/li>\n<\/ul>\n<p>Abon\u00e1 en hasta 9 cuotas sin inter\u00e9s con tarjeta de cr\u00e9dito.<\/p>\n<p><a href=\"https:\/\/wa.link\/8zrmvn\">10% de descuento mediante transferencia bancaria AQU\u00cd<\/a><\/p>\n","protected":false},"excerpt":{"rendered":"<ul>\n<li>Para todo el pa\u00eds.<\/li>\n<li>Para todos los niveles y modalidades.<\/li>\n<\/ul>\n<p>Abon\u00e1 en hasta 9 cuotas sin inter\u00e9s con tarjeta de cr\u00e9dito.<\/p>\n<p><a href=\"https:\/\/wa.link\/8zrmvn\">10% de descuento mediante transferencia bancaria AQU\u00cd<\/a><\/p>\n","protected":false},"featured_media":11191,"template":"","meta":{"site-sidebar-layout":"default","site-content-layout":"","ast-site-content-layout":"default","site-content-style":"default","site-sidebar-style":"default","ast-global-header-display":"","ast-banner-title-visibility":"","ast-main-header-display":"","ast-hfb-above-header-display":"","ast-hfb-below-header-display":"","ast-hfb-mobile-header-display":"","site-post-title":"","ast-breadcrumbs-content":"","ast-featured-img":"","footer-sml-layout":"","ast-disable-related-posts":"","theme-transparent-header-meta":"default","adv-header-id-meta":"","stick-header-meta":"","header-above-stick-meta":"","header-main-stick-meta":"","header-below-stick-meta":"","astra-migrate-meta-layouts":"set","ast-page-background-enabled":"default","ast-page-background-meta":{"desktop":{"background-color":"var(--ast-global-color-4)","background-image":"","background-repeat":"repeat","background-position":"center center","background-size":"auto","background-attachment":"scroll","background-type":"","background-media":"","overlay-type":"","overlay-color":"","overlay-opacity":"","overlay-gradient":""},"tablet":{"background-color":"","background-image":"","background-repeat":"repeat","background-position":"center center","background-size":"auto","background-attachment":"scroll","background-type":"","background-media":"","overlay-type":"","overlay-color":"","overlay-opacity":"","overlay-gradient":""},"mobile":{"background-color":"","background-image":"","background-repeat":"repeat","background-position":"center center","background-size":"auto","background-attachment":"scroll","background-type":"","background-media":"","overlay-type":"","overlay-color":"","overlay-opacity":"","overlay-gradient":""}},"ast-content-background-meta":{"desktop":{"background-color":"var(--ast-global-color-5)","background-image":"","background-repeat":"repeat","background-position":"center center","background-size":"auto","background-attachment":"scroll","background-type":"","background-media":"","overlay-type":"","overlay-color":"","overlay-opacity":"","overlay-gradient":""},"tablet":{"background-color":"var(--ast-global-color-5)","background-image":"","background-repeat":"repeat","background-position":"center center","background-size":"auto","background-attachment":"scroll","background-type":"","background-media":"","overlay-type":"","overlay-color":"","overlay-opacity":"","overlay-gradient":""},"mobile":{"background-color":"var(--ast-global-color-5)","background-image":"","background-repeat":"repeat","background-position":"center center","background-size":"auto","background-attachment":"scroll","background-type":"","background-media":"","overlay-type":"","overlay-color":"","overlay-opacity":"","overlay-gradient":""}},"_joinchat":[]},"product_brand":[],"product_cat":[15],"product_tag":[],"class_list":{"0":"post-11367","1":"product","2":"type-product","3":"status-publish","4":"has-post-thumbnail","6":"product_cat-sin-categorizar","7":"product_shipping_class-correo-argentino","8":"desktop-align-left","9":"tablet-align-left","10":"mobile-align-left","12":"first","13":"instock","14":"shipping-taxable","15":"purchasable","16":"product-type-simple"},"_links":{"self":[{"href":"https:\/\/mbconsultoraeducativa.com\/index.php\/wp-json\/wp\/v2\/product\/11367","targetHints":{"allow":["GET"]}}],"collection":[{"href":"https:\/\/mbconsultoraeducativa.com\/index.php\/wp-json\/wp\/v2\/product"}],"about":[{"href":"https:\/\/mbconsultoraeducativa.com\/index.php\/wp-json\/wp\/v2\/types\/product"}],"wp:featuredmedia":[{"embeddable":true,"href":"https:\/\/mbconsultoraeducativa.com\/index.php\/wp-json\/wp\/v2\/media\/11191"}],"wp:attachment":[{"href":"https:\/\/mbconsultoraeducativa.com\/index.php\/wp-json\/wp\/v2\/media?parent=11367"}],"wp:term":[{"taxonomy":"product_brand","embeddable":true,"href":"https:\/\/mbconsultoraeducativa.com\/index.php\/wp-json\/wp\/v2\/product_brand?post=11367"},{"taxonomy":"product_cat","embeddable":true,"href":"https:\/\/mbconsultoraeducativa.com\/index.php\/wp-json\/wp\/v2\/product_cat?post=11367"},{"taxonomy":"product_tag","embeddable":true,"href":"https:\/\/mbconsultoraeducativa.com\/index.php\/wp-json\/wp\/v2\/product_tag?post=11367"}],"curies":[{"name":"wp","href":"https:\/\/api.w.org\/{rel}","templated":true}]}}