{"id":6873,"date":"2024-07-25T12:44:26","date_gmt":"2024-07-25T15:44:26","guid":{"rendered":"https:\/\/mbconsultoraeducativa.com\/?page_id=6873"},"modified":"2024-07-25T12:49:13","modified_gmt":"2024-07-25T15:49:13","slug":"curriculum-marisol-bonserio","status":"publish","type":"page","link":"https:\/\/mbconsultoraeducativa.com\/index.php\/curriculum-marisol-bonserio\/","title":{"rendered":"CURRICULUM MARISOL BONSERIO"},"content":{"rendered":"\t\t<div data-elementor-type=\"wp-page\" data-elementor-id=\"6873\" class=\"elementor elementor-6873\" data-elementor-post-type=\"page\">\n\t\t\t\t\t\t<section class=\"elementor-section elementor-top-section elementor-element elementor-element-eb73d8a elementor-section-boxed elementor-section-height-default elementor-section-height-default\" data-id=\"eb73d8a\" data-element_type=\"section\" data-e-type=\"section\">\n\t\t\t\t\t\t<div class=\"elementor-container elementor-column-gap-default\">\n\t\t\t\t\t<div class=\"elementor-column elementor-col-33 elementor-top-column elementor-element elementor-element-951491e\" data-id=\"951491e\" data-element_type=\"column\" data-e-type=\"column\">\n\t\t\t<div class=\"elementor-widget-wrap\">\n\t\t\t\t\t\t\t<\/div>\n\t\t<\/div>\n\t\t\t\t<div class=\"elementor-column elementor-col-33 elementor-top-column elementor-element elementor-element-96269c2\" data-id=\"96269c2\" data-element_type=\"column\" data-e-type=\"column\">\n\t\t\t<div class=\"elementor-widget-wrap elementor-element-populated\">\n\t\t\t\t\t\t<div class=\"elementor-element elementor-element-f5a6149 elementor-widget elementor-widget-text-editor\" data-id=\"f5a6149\" data-element_type=\"widget\" data-e-type=\"widget\" data-widget_type=\"text-editor.default\">\n\t\t\t\t<div class=\"elementor-widget-container\">\n\t\t\t\t\t\t\t\t\t<p>CURR\u00cdCULUM DE MARISOL BONSERIO<\/p>\t\t\t\t\t\t\t\t<\/div>\n\t\t\t\t<\/div>\n\t\t\t\t\t<\/div>\n\t\t<\/div>\n\t\t\t\t<div class=\"elementor-column elementor-col-33 elementor-top-column elementor-element elementor-element-1cd639f\" data-id=\"1cd639f\" data-element_type=\"column\" data-e-type=\"column\">\n\t\t\t<div class=\"elementor-widget-wrap\">\n\t\t\t\t\t\t\t<\/div>\n\t\t<\/div>\n\t\t\t\t\t<\/div>\n\t\t<\/section>\n\t\t\t\t<section class=\"elementor-section elementor-top-section elementor-element elementor-element-bd05dbe elementor-section-boxed elementor-section-height-default elementor-section-height-default\" data-id=\"bd05dbe\" data-element_type=\"section\" data-e-type=\"section\">\n\t\t\t\t\t\t<div class=\"elementor-container elementor-column-gap-default\">\n\t\t\t\t\t<div class=\"elementor-column elementor-col-33 elementor-top-column elementor-element elementor-element-a3edb0b\" data-id=\"a3edb0b\" data-element_type=\"column\" data-e-type=\"column\">\n\t\t\t<div class=\"elementor-widget-wrap\">\n\t\t\t\t\t\t\t<\/div>\n\t\t<\/div>\n\t\t\t\t<div class=\"elementor-column elementor-col-33 elementor-top-column elementor-element elementor-element-d8d72de\" data-id=\"d8d72de\" data-element_type=\"column\" data-e-type=\"column\">\n\t\t\t<div class=\"elementor-widget-wrap elementor-element-populated\">\n\t\t\t\t\t\t<div class=\"elementor-element elementor-element-c6529a5 elementor-widget elementor-widget-text-editor\" data-id=\"c6529a5\" data-element_type=\"widget\" data-e-type=\"widget\" data-widget_type=\"text-editor.default\">\n\t\t\t\t<div class=\"elementor-widget-container\">\n\t\t\t\t\t\t\t\t\t<p>La Profesora Marisol Bonserio\u00a0<\/p><ul><li aria-level=\"1\"><b>Profesora <\/b><span style=\"font-weight: 400;\">en ense\u00f1anza <\/span><b>Primaria <\/b><span style=\"font-weight: 400;\">en la Ciudad de Buenos Aires.<\/span><\/li><li aria-level=\"1\"><span style=\"font-weight: 400;\">Ha realizado <\/span><b>estudios <\/b>de nivel <b>Inicial <\/b>en <i>Tampa, Florida<\/i>. Estudios del desarrollo del ni\u00f1o.<\/li><li><span style=\"font-size: 16px; font-weight: 400;\">Trabaj\u00f3 en nivel <\/span><span style=\"font-size: 16px;\"><b>Inicial <\/b><\/span><span style=\"font-size: 16px; font-weight: 400;\">y <\/span><span style=\"font-size: 16px;\"><b>entretenimiento <\/b><\/span><span style=\"font-size: 16px; font-weight: 400;\">en\u00a0<i>Florida, Estados Unidos<\/i>.<\/span><\/li><li aria-level=\"1\"><span style=\"font-weight: 400;\">Curs\u00f3 la <\/span><b>Licenciatura <\/b><span style=\"font-weight: 400;\">en <\/span><b>Gesti\u00f3n Educativa <\/b><span style=\"font-weight: 400;\">de la Universidad de Lan\u00fas.<\/span><\/li><li aria-level=\"1\"><span style=\"font-style: inherit; font-family: var( --e-global-typography-text-font-family ), Sans-serif; background-color: var(--ast-global-color-5);\">Realiz\u00f3 varios cursos en <b>Neurociencias <\/b>aplicadas a la <b>educaci\u00f3n <\/b>en la Asociaci\u00f3n Educar.<\/span><\/li><li aria-level=\"1\"><span style=\"font-style: inherit; font-family: var( --e-global-typography-text-font-family ), Sans-serif; background-color: var(--ast-global-color-5);\">Es Profesora de <b>Lengua <\/b>y <b>Literatura<\/b>. Actualmente dando las c\u00e1tedras de <b>Ling\u00fc\u00edstica <\/b>y <b>gram\u00e1tica <\/b>1 y 2 en Instituto Superior.<\/span><\/li><li aria-level=\"1\"><span style=\"font-style: inherit; font-family: var( --e-global-typography-text-font-family ), Sans-serif; background-color: var(--ast-global-color-5);\">Ha rendido y aprobado <b>Pruebas de selecci\u00f3n de directores e inspectores<\/b> para nivel primario en la Provincia de Buenos Aires.<\/span><\/li><li aria-level=\"1\"><span style=\"font-weight: 400;\">Fue promocionada en el <\/span><b>concurso <\/b><span style=\"font-weight: 400;\">de <\/span><b>Directivos Titulares de Nivel Primario <\/b><span style=\"font-weight: 400;\">en la Provincia de Buenos Aires. Actualmente se desempe\u00f1a como Directora de Escuela Primaria.<\/span><\/li><\/ul><div><p style=\"font-size: 16px; font-style: normal; font-weight: 400;\">Desde 2023 es\u00a0<span style=\"font-weight: bold;\">docente<\/span>\u00a0y\u00a0<span style=\"font-weight: bold;\">colaboradora\u00a0<\/span>de\u00a0<span style=\"font-weight: bold;\">MB Consultora<\/span>\u00a0<span style=\"font-weight: bold;\">Educativa.<\/span><\/p><\/div>\t\t\t\t\t\t\t\t<\/div>\n\t\t\t\t<\/div>\n\t\t\t\t\t<\/div>\n\t\t<\/div>\n\t\t\t\t<div class=\"elementor-column elementor-col-33 elementor-top-column elementor-element elementor-element-e5af5aa\" data-id=\"e5af5aa\" data-element_type=\"column\" data-e-type=\"column\">\n\t\t\t<div class=\"elementor-widget-wrap\">\n\t\t\t\t\t\t\t<\/div>\n\t\t<\/div>\n\t\t\t\t\t<\/div>\n\t\t<\/section>\n\t\t\t\t<section class=\"elementor-section elementor-top-section elementor-element elementor-element-5676145 elementor-section-boxed elementor-section-height-default elementor-section-height-default\" data-id=\"5676145\" data-element_type=\"section\" data-e-type=\"section\">\n\t\t\t\t\t\t<div class=\"elementor-container elementor-column-gap-default\">\n\t\t\t\t\t<div class=\"elementor-column elementor-col-100 elementor-top-column elementor-element elementor-element-1490ecb\" data-id=\"1490ecb\" data-element_type=\"column\" data-e-type=\"column\">\n\t\t\t<div class=\"elementor-widget-wrap\">\n\t\t\t\t\t\t\t<\/div>\n\t\t<\/div>\n\t\t\t\t\t<\/div>\n\t\t<\/section>\n\t\t\t\t<\/div>\n\t\t","protected":false},"excerpt":{"rendered":"<p>CURR\u00cdCULUM DE MARISOL BONSERIO La Profesora Marisol Bonserio\u00a0 Profesora en ense\u00f1anza Primaria en la Ciudad de Buenos Aires. Ha realizado estudios de nivel Inicial en Tampa, Florida. Estudios del desarrollo del ni\u00f1o. Trabaj\u00f3 en nivel Inicial y entretenimiento en\u00a0Florida, Estados Unidos. Curs\u00f3 la Licenciatura en Gesti\u00f3n Educativa de la Universidad de Lan\u00fas. Realiz\u00f3 varios cursos [&hellip;]<\/p>\n","protected":false},"author":1,"featured_media":0,"parent":0,"menu_order":0,"comment_status":"closed","ping_status":"closed","template":"","meta":{"site-sidebar-layout":"no-sidebar","site-content-layout":"","ast-site-content-layout":"full-width-container","site-content-style":"default","site-sidebar-style":"default","ast-global-header-display":"","ast-banner-title-visibility":"","ast-main-header-display":"","ast-hfb-above-header-display":"","ast-hfb-below-header-display":"","ast-hfb-mobile-header-display":"","site-post-title":"disabled","ast-breadcrumbs-content":"","ast-featured-img":"disabled","footer-sml-layout":"","ast-disable-related-posts":"","theme-transparent-header-meta":"","adv-header-id-meta":"","stick-header-meta":"","header-above-stick-meta":"","header-main-stick-meta":"","header-below-stick-meta":"","astra-migrate-meta-layouts":"default","ast-page-background-enabled":"default","ast-page-background-meta":{"desktop":{"background-color":"var(--ast-global-color-4)","background-image":"","background-repeat":"repeat","background-position":"center center","background-size":"auto","background-attachment":"scroll","background-type":"","background-media":"","overlay-type":"","overlay-color":"","overlay-opacity":"","overlay-gradient":""},"tablet":{"background-color":"","background-image":"","background-repeat":"repeat","background-position":"center center","background-size":"auto","background-attachment":"scroll","background-type":"","background-media":"","overlay-type":"","overlay-color":"","overlay-opacity":"","overlay-gradient":""},"mobile":{"background-color":"","background-image":"","background-repeat":"repeat","background-position":"center center","background-size":"auto","background-attachment":"scroll","background-type":"","background-media":"","overlay-type":"","overlay-color":"","overlay-opacity":"","overlay-gradient":""}},"ast-content-background-meta":{"desktop":{"background-color":"var(--ast-global-color-5)","background-image":"","background-repeat":"repeat","background-position":"center center","background-size":"auto","background-attachment":"scroll","background-type":"","background-media":"","overlay-type":"","overlay-color":"","overlay-opacity":"","overlay-gradient":""},"tablet":{"background-color":"var(--ast-global-color-5)","background-image":"","background-repeat":"repeat","background-position":"center center","background-size":"auto","background-attachment":"scroll","background-type":"","background-media":"","overlay-type":"","overlay-color":"","overlay-opacity":"","overlay-gradient":""},"mobile":{"background-color":"var(--ast-global-color-5)","background-image":"","background-repeat":"repeat","background-position":"center center","background-size":"auto","background-attachment":"scroll","background-type":"","background-media":"","overlay-type":"","overlay-color":"","overlay-opacity":"","overlay-gradient":""}},"_joinchat":[],"footnotes":""},"class_list":["post-6873","page","type-page","status-publish","hentry"],"_links":{"self":[{"href":"https:\/\/mbconsultoraeducativa.com\/index.php\/wp-json\/wp\/v2\/pages\/6873","targetHints":{"allow":["GET"]}}],"collection":[{"href":"https:\/\/mbconsultoraeducativa.com\/index.php\/wp-json\/wp\/v2\/pages"}],"about":[{"href":"https:\/\/mbconsultoraeducativa.com\/index.php\/wp-json\/wp\/v2\/types\/page"}],"author":[{"embeddable":true,"href":"https:\/\/mbconsultoraeducativa.com\/index.php\/wp-json\/wp\/v2\/users\/1"}],"replies":[{"embeddable":true,"href":"https:\/\/mbconsultoraeducativa.com\/index.php\/wp-json\/wp\/v2\/comments?post=6873"}],"version-history":[{"count":4,"href":"https:\/\/mbconsultoraeducativa.com\/index.php\/wp-json\/wp\/v2\/pages\/6873\/revisions"}],"predecessor-version":[{"id":6877,"href":"https:\/\/mbconsultoraeducativa.com\/index.php\/wp-json\/wp\/v2\/pages\/6873\/revisions\/6877"}],"wp:attachment":[{"href":"https:\/\/mbconsultoraeducativa.com\/index.php\/wp-json\/wp\/v2\/media?parent=6873"}],"curies":[{"name":"wp","href":"https:\/\/api.w.org\/{rel}","templated":true}]}}