{"id":3,"date":"2023-09-03T01:47:29","date_gmt":"2023-09-02T23:47:29","guid":{"rendered":"https:\/\/mbconsultoraeducativa.com\/?page_id=3"},"modified":"2023-09-21T09:48:54","modified_gmt":"2023-09-21T12:48:54","slug":"politica-privacidad","status":"publish","type":"page","link":"https:\/\/mbconsultoraeducativa.com\/index.php\/politica-privacidad\/","title":{"rendered":"Pol\u00edtica de privacidad"},"content":{"rendered":"\n<p>PARA ACCEDER A LOS SERVICIOS QUE OFRECE MB CONSULTORA EDUCATIVA, SE DEBER\u00c1N LEER Y<br>ACEPTAR LOS T\u00c9RMINOS Y CONDICIONES, EN LOS QUE SE ENMARCA ESTE CONTRATO DE VENTA.<br>Al comprar cualquier producto de MB Consultora Educativa en su web est\u00e1s<br>autom\u00e1ticamente confirmando estar de acuerdo con todos los t\u00e9rminos que se detallan<br>a continuaci\u00f3n.<\/p>\n\n\n\n<ol class=\"wp-block-list\">\n<li>LICENCIAS y TITULARIDAD: Todos los contenidos de las formaciones de MB Consultora<br>Educativa (cursos, talleres, clases, masterclass, membres\u00eda, etc.) y las publicaciones de la<br>web (art\u00edculos, posts, p\u00e1ginas, textos, v\u00eddeos, tutoriales, podcasts, im\u00e1genes, gr\u00e1ficos,<br>infograf\u00edas, y otros) son de propiedad Intelectual de Marta Bonserio. Por lo tanto, est\u00e1n<br>sujetos a derechos de autor y propiedad intelectual.<br>El contenido de los cursos de formaci\u00f3n no se podr\u00e1 reproducir, difundir, vender,<br>distribuir, ni usar con fines comerciales. Es importante comprender que, aunque el<br>usuario haya comprado la formaci\u00f3n, el contenido es de propiedad de Marta Bonserio y<br>no puede compartirse ni reproducirse de ninguna forma, ni en ninguna plataforma.<br>Queda prohibido terminantemente transmitir o ceder los contenidos. A excepci\u00f3n que<br>previamente se cuente con el consentimiento expreso de Marta Bonserio.<br>2.VALORES: Los valores econ\u00f3micos est\u00e1n debidamente expresados en la web, en la<br>p\u00e1gina de venta de cada uno de los cursos, servicios o productos de MB Consultora<br>Educativa. Los valores son en moneda, pesos argentinos, y nos reservamos el derecho de<br>poder ofrecer los precios en otras monedas para comodidad de los alumnos<br>internacionales. Aunque sean de otro pa\u00eds podr\u00e1n pagar en d\u00f3lares con tarjeta de d\u00e9bito<br>o cr\u00e9dito solicitando el correspondiente monto y link de pago. Cada p\u00e1gina de cada curso<br>explica la forma de pago.<\/li>\n\n\n\n<li>Reserva: MB Consultora Educativa se reserva el derecho a aplicar descuentos y<br>cambios de precios cuando lo considere adecuado sin previo aviso, as\u00ed como crear<br>cupones de descuento para las promociones que se estimen oportunas, con las<br>condiciones adecuadas y con la duraci\u00f3n que consideremos pertinentes.<\/li>\n\n\n\n<li>Suscripci\u00f3n MENSUAL: La membres\u00eda de MB Consultora Educativa tiene una modalidad<br>de suscripci\u00f3n mensual, lo que significa que el alumno nos autoriza en el momento de la<br>compra a realizar los cobros de la cuota de forma autom\u00e1tica cada mes, hasta que el alumno<br>decida cancelar.<br>Cancelaci\u00f3n de la suscripci\u00f3n mensual de la Membres\u00eda de MB Consultora Educativa:<br>En el caso concreto de la membres\u00eda, en su modalidad de suscripci\u00f3n mensual: La<br>suscripci\u00f3n no requiere de permanencia. La cancelaci\u00f3n debe realizarse 24 horas antes<br>de que pase el cobro de la siguiente cuota, ya que una vez cobrada la cuota mensual no<br>hay reintegro de la misma.<br>Cancelada la suscripci\u00f3n, el alumno tendr\u00e1 acceso a la membres\u00eda hasta el \u00faltimo d\u00eda del<br>mes pago. Luego dejar\u00e1 de tener acceso a los cursos, comunidades y Zooms de clase<br>especiales.<br>La \u00fanica v\u00eda valida de cancelaci\u00f3n es la realizada por el propio suscriptor, a trav\u00e9s de la<br>cuenta de Mercado Pago, \u00e1rea de suscripciones, buscar \u201cmembres\u00eda MB Consultora<br>Educativa\u201d y \u201ccancelar suscripci\u00f3n\u201d.<\/li>\n\n\n\n<li>Formas de pago: Los pagos se realizar\u00e1n a trav\u00e9s de la p\u00e1gina de ventas de la web, y<br>puedes pagar con tarjeta de cr\u00e9dito o d\u00e9bito o por transferencia bancaria. En este \u00faltimo<br>caso, deber\u00e1n enviar el comprobante al mail mbconsultoraeducativa@gmail.com<br>En el caso de que adquieran la membres\u00eda de MB en formato de suscripci\u00f3n mensual:<br>Una vez se hace el primer pago de la membres\u00eda, ya se est\u00e1 autorizando a hacer cobros<br>mensuales de la cuota de forma autom\u00e1tica. Recordamos que la membres\u00eda de MB es<br>una suscripci\u00f3n mensual autom\u00e1tica.<\/li>\n\n\n\n<li>Cambios de precios y planes de la membres\u00eda: MB Consultora educativa puede realizar<br>cambios en los planes y servicios en cuanto al Precio cuando se considere necesario, con<br>una previa notificaci\u00f3n de 15 (quince) d\u00edas a los usuarios. Esta notificaci\u00f3n es s\u00f3lo en<br>car\u00e1cter informativo.<\/li>\n\n\n\n<li>Disponibilidad: El acceso a todos los cursos grabados disponibles en el campus virtual,<br>es enviado v\u00eda mail en el transcurso de las primeras 24 hs desde que el alumno realiza el<br>pago. El alumno tiene acceso ilimitado a los cursos las 24 horas del d\u00eda, los 365 d\u00edas del<br>a\u00f1o, durante 2 a\u00f1os.<br>Acceso a cursos: El usuario accede a los cursos mediante un nombre de usuario y una<br>contrase\u00f1a personal proporcionada por la consultora.<br>Si por alg\u00fan motivo el alumno experimenta alg\u00fan problema t\u00e9cnico y no puede acceder,<br>pierde los accesos, o no puede recuperar la contrase\u00f1a, debe enviar un email a<br>mbconsultoraeducativa@gmail.com para que le ayudemos a resolver dicho problema<br>dentro de nuestro horario laboral (d\u00edas h\u00e1biles 9 a 21hs). En caso de necesitar soporte<br>t\u00e9cnico aclarar en el mail: nombre completo, curso y motivo de consulta.<br>En el caso de un desperfecto tecnol\u00f3gico dentro de la plataforma, trabajaremos<br>r\u00e1pidamente para solucionarlo dentro de nuestro alcance. No se puede solicitar ning\u00fan<br>reclamo, ni devoluci\u00f3n del dinero, debido a fallos t\u00e9cnicos del sistema, ya que exceden a<br>nuestra responsabilidad. Nuestros cursos est\u00e1n hospedados en la plataforma Moodle,<br>que cuenta con un sistema t\u00e9cnico para resolver los problemas que pueden surgir como<br>en cualquier otra plataforma tecnol\u00f3gica.<\/li>\n\n\n\n<li>Certificado de asistencia a los cursos o talleres: Para que el certificado de asistencia<br>sea expedido, deber\u00e1 solicitarse al mail mbconsultoraeducativa@gmail.com indicando<br>nombre del curso o taller, nombre completo, n\u00famero de DNI y fecha de cursada, dentro de<br>los siguientes 30 d\u00edas.<\/li>\n\n\n\n<li>Devoluciones y Pol\u00edtica de Cancelaci\u00f3n: Bajo ninguna circunstancia se realizar\u00e1n<br>devoluciones del importe abonado de los cursos o productos, ya fuere por inconvenientes<br>personales, de malinterpretaci\u00f3n de contenidos acad\u00e9micos, contenidos en la cursada,<br>agenda, y otros, por parte de los alumnos.<br>S\u00f3lo pueden hacerse modificaciones de fechas de cursada o traspaso de saldo para otro<br>curso notificando fehacientemente al mail mbconsultoraeducativa@gmail.com 10<br>(diez) d\u00edas antes del inicio (no se realizan devoluciones de dinero, se extiende una nota de<br>cr\u00e9dito por dicho valor).<br>Los libros se entregar\u00e1n a trav\u00e9s de Correo Argentino. Los gastos de env\u00edo de libros o<br>productos devueltos por no ser recibidos en su domicilio, correr\u00e1n a cargo del cliente,<br>para ser nuevamente reenviados.<\/li>\n\n\n\n<li>Protecci\u00f3n de Datos: Los datos que solicitaremos ser\u00e1n indispensables para la<br>realizaci\u00f3n de los servicios o el env\u00edo de los libros, en cada caso.<br>Les informamos tambi\u00e9n que los mismos ser\u00e1n incorporados a una base de datos, a fin<br>de poder enviar informaci\u00f3n de valor y promociones, en virtud de los servicios o<br>formaci\u00f3n que hayan adquirido. Si no quieren recibir esta informaci\u00f3n y quieren que<br>eliminemos sus datos, s\u00f3lo tienes que darte de baja de dicha lista de correo mediante el<br>enlace \u201cBaja\u201d o \u00abunsubscribe\u00bb que ver\u00e1n en la parte inferior de los mails que enviamos.<\/li>\n\n\n\n<li>Prohibiciones: Est\u00e1 prohibida la reproducci\u00f3n, difusi\u00f3n, venta, distribuci\u00f3n o uso<br>comercial de los servicios o formaciones adquiridas, ya sea en todo o en parte.<br>Todo el material did\u00e1ctico del curso es de elaboraci\u00f3n propia.<br>El usuario puede imprimir y descargar el contenido de los cursos en los que est\u00e1<br>matriculado para su uso particular y con fines de aprendizaje. No est\u00e1 permitida su<br>reproducci\u00f3n y\/o distribuci\u00f3n a terceros.<br>Si MB Consultora Educativa identifica que un alumno ha realizado una copia,<br>reproducci\u00f3n o distribuci\u00f3n de los contenidos de Marta Bonserio el alumno\/a deber\u00e1<br>abonar la cantidad de 5.000 d\u00f3lares en concepto de derechos de explotaci\u00f3n si ha<br>intentado vender u obtener provecho econ\u00f3mico, o como compensaci\u00f3n por da\u00f1os de<br>imagen, y si se considera necesario, se tomar\u00e1n las medidas legales que se consideren<br>pertinentes, ya sea da\u00f1os y perjuicios, como el Lucro Cesante.<br>Est\u00e1 totalmente prohibido compartir las contrase\u00f1as de acceso a un curso con otras<br>personas, o bien, comprar el curso entre varias personas o negocios con la intenci\u00f3n de<br>ahorrarse dinero y compartir un acceso del curso entre varios individuos. Se trata de una<br>pr\u00e1ctica ilegal y causa una p\u00e9rdida econ\u00f3mica a este negocio.<br>El acceso al curso es personal e intransferible. Si MB Consultora Educativa detecta que<br>esta pr\u00e1ctica se ha realizado por alg\u00fan alumno, ese alumno perder\u00e1 el acceso al curso<br>definitivamente y no tendr\u00e1 posibilidad de solicitar la devoluci\u00f3n, ser\u00e1 vetado para<br>adquirir ning\u00fan otro curso, servicios, o recurso gratuito, y nos reservaremos cuantas<br>acciones civiles o penales est\u00e9n a nuestro alcance para salvaguardar los derechos de este<br>negocio.<\/li>\n\n\n\n<li>Jurisdicci\u00f3n y ley aplicable<br>Estos t\u00e9rminos y condiciones se rigen en todos sus puntos por las leyes vigentes en<br>Argentina. Cualquier controversia derivada de las presentes T\u00e9rminos y Condiciones, su<br>existencia, validez, interpretaci\u00f3n, alcance o cumplimiento, ser\u00e1 sometida a los tribunales<br>nacionales en lo Comercial.<br>Aceptaci\u00f3n de las condiciones de venta:<br>La contrataci\u00f3n de cualquier servicio o formaci\u00f3n a MB Consultora Educativa supone<br>autom\u00e1ticamente la aceptaci\u00f3n de los t\u00e9rminos y condiciones de esta web.<br>Si ten\u00e9s alguna duda, pod\u00e9s contactarnos a trav\u00e9s del<br>mail: mbconsultoraeducativa@gmail.com<br>MB Consultora Educativa se reserva los derechos admisi\u00f3n y permanencia.<\/li>\n<\/ol>\n\n\n\n<p><\/p>\n\n\n\n<p><\/p>\n\n\n\n<p><\/p>\n","protected":false},"excerpt":{"rendered":"<p>PARA ACCEDER A LOS SERVICIOS QUE OFRECE MB CONSULTORA EDUCATIVA, SE DEBER\u00c1N LEER YACEPTAR LOS T\u00c9RMINOS Y CONDICIONES, EN LOS QUE SE ENMARCA ESTE CONTRATO DE VENTA.Al comprar cualquier producto de MB Consultora Educativa en su web est\u00e1sautom\u00e1ticamente confirmando estar de acuerdo con todos los t\u00e9rminos que se detallana continuaci\u00f3n.<\/p>\n","protected":false},"author":1,"featured_media":0,"parent":0,"menu_order":0,"comment_status":"closed","ping_status":"open","template":"","meta":{"site-sidebar-layout":"default","site-content-layout":"","ast-site-content-layout":"default","site-content-style":"default","site-sidebar-style":"default","ast-global-header-display":"","ast-banner-title-visibility":"","ast-main-header-display":"","ast-hfb-above-header-display":"","ast-hfb-below-header-display":"","ast-hfb-mobile-header-display":"","site-post-title":"","ast-breadcrumbs-content":"","ast-featured-img":"","footer-sml-layout":"","ast-disable-related-posts":"","theme-transparent-header-meta":"","adv-header-id-meta":"","stick-header-meta":"","header-above-stick-meta":"","header-main-stick-meta":"","header-below-stick-meta":"","astra-migrate-meta-layouts":"default","ast-page-background-enabled":"default","ast-page-background-meta":{"desktop":{"background-color":"var(--ast-global-color-4)","background-image":"","background-repeat":"repeat","background-position":"center center","background-size":"auto","background-attachment":"scroll","background-type":"","background-media":"","overlay-type":"","overlay-color":"","overlay-opacity":"","overlay-gradient":""},"tablet":{"background-color":"","background-image":"","background-repeat":"repeat","background-position":"center center","background-size":"auto","background-attachment":"scroll","background-type":"","background-media":"","overlay-type":"","overlay-color":"","overlay-opacity":"","overlay-gradient":""},"mobile":{"background-color":"","background-image":"","background-repeat":"repeat","background-position":"center center","background-size":"auto","background-attachment":"scroll","background-type":"","background-media":"","overlay-type":"","overlay-color":"","overlay-opacity":"","overlay-gradient":""}},"ast-content-background-meta":{"desktop":{"background-color":"var(--ast-global-color-5)","background-image":"","background-repeat":"repeat","background-position":"center center","background-size":"auto","background-attachment":"scroll","background-type":"","background-media":"","overlay-type":"","overlay-color":"","overlay-opacity":"","overlay-gradient":""},"tablet":{"background-color":"var(--ast-global-color-5)","background-image":"","background-repeat":"repeat","background-position":"center center","background-size":"auto","background-attachment":"scroll","background-type":"","background-media":"","overlay-type":"","overlay-color":"","overlay-opacity":"","overlay-gradient":""},"mobile":{"background-color":"var(--ast-global-color-5)","background-image":"","background-repeat":"repeat","background-position":"center center","background-size":"auto","background-attachment":"scroll","background-type":"","background-media":"","overlay-type":"","overlay-color":"","overlay-opacity":"","overlay-gradient":""}},"_joinchat":[],"footnotes":""},"class_list":["post-3","page","type-page","status-publish","hentry"],"_links":{"self":[{"href":"https:\/\/mbconsultoraeducativa.com\/index.php\/wp-json\/wp\/v2\/pages\/3","targetHints":{"allow":["GET"]}}],"collection":[{"href":"https:\/\/mbconsultoraeducativa.com\/index.php\/wp-json\/wp\/v2\/pages"}],"about":[{"href":"https:\/\/mbconsultoraeducativa.com\/index.php\/wp-json\/wp\/v2\/types\/page"}],"author":[{"embeddable":true,"href":"https:\/\/mbconsultoraeducativa.com\/index.php\/wp-json\/wp\/v2\/users\/1"}],"replies":[{"embeddable":true,"href":"https:\/\/mbconsultoraeducativa.com\/index.php\/wp-json\/wp\/v2\/comments?post=3"}],"version-history":[{"count":1,"href":"https:\/\/mbconsultoraeducativa.com\/index.php\/wp-json\/wp\/v2\/pages\/3\/revisions"}],"predecessor-version":[{"id":960,"href":"https:\/\/mbconsultoraeducativa.com\/index.php\/wp-json\/wp\/v2\/pages\/3\/revisions\/960"}],"wp:attachment":[{"href":"https:\/\/mbconsultoraeducativa.com\/index.php\/wp-json\/wp\/v2\/media?parent=3"}],"curies":[{"name":"wp","href":"https:\/\/api.w.org\/{rel}","templated":true}]}}