{"id":18560,"date":"2026-01-08T09:16:30","date_gmt":"2026-01-08T12:16:30","guid":{"rendered":"https:\/\/mbconsultoraeducativa.com\/?page_id=18560"},"modified":"2026-04-28T11:25:24","modified_gmt":"2026-04-28T14:25:24","slug":"nuestro-equipo","status":"publish","type":"page","link":"https:\/\/mbconsultoraeducativa.com\/index.php\/nuestro-equipo\/","title":{"rendered":"Nuestro equipo"},"content":{"rendered":"\t\t<div data-elementor-type=\"wp-page\" data-elementor-id=\"18560\" class=\"elementor elementor-18560\" data-elementor-post-type=\"page\">\n\t\t\t\t\t\t<section class=\"elementor-section elementor-top-section elementor-element elementor-element-f75679b elementor-section-boxed elementor-section-height-default elementor-section-height-default\" data-id=\"f75679b\" data-element_type=\"section\" data-e-type=\"section\">\n\t\t\t\t\t\t<div class=\"elementor-container elementor-column-gap-default\">\n\t\t\t\t\t<div class=\"elementor-column elementor-col-100 elementor-top-column elementor-element elementor-element-d649f1f\" data-id=\"d649f1f\" data-element_type=\"column\" data-e-type=\"column\">\n\t\t\t<div class=\"elementor-widget-wrap elementor-element-populated\">\n\t\t\t\t\t\t<div class=\"elementor-element elementor-element-6a76c41e elementor-widget-mobile__width-inherit elementor-widget elementor-widget-heading\" data-id=\"6a76c41e\" data-element_type=\"widget\" data-e-type=\"widget\" data-widget_type=\"heading.default\">\n\t\t\t\t<div class=\"elementor-widget-container\">\n\t\t\t\t\t<h2 class=\"elementor-heading-title elementor-size-default\">NUESTRO EQUIPO<\/h2>\t\t\t\t<\/div>\n\t\t\t\t<\/div>\n\t\t\t\t<div class=\"elementor-element elementor-element-126ef50 eael-team-align-centered elementor-invisible elementor-widget elementor-widget-eael-team-member\" data-id=\"126ef50\" data-element_type=\"widget\" data-e-type=\"widget\" data-settings=\"{&quot;_animation&quot;:&quot;fadeInLeft&quot;}\" data-widget_type=\"eael-team-member.default\">\n\t\t\t\t<div class=\"elementor-widget-container\">\n\t\t\t\t\t\n\n\t<div id=\"eael-team-member-126ef50\" class=\"eael-team-item eael-team-members-simple \">\n\t\t<div class=\"eael-team-item-inner\">\n\t\t\t<div class=\"eael-team-image\">\n\t\t\t\t<figure>\n\t\t\t\t\t\t\t\t\t\t<img decoding=\"async\" src=\"https:\/\/mbconsultoraeducativa.com\/wp-content\/uploads\/2024\/11\/feed-mb-768x768.png\" alt=\"\">\n\t\t\t\t\t\t\t\t\t<\/figure>\n\t\t\t\t\n\t\t\t\t\n\t\t\t<\/div>\n\n\t\t\t<div class=\"eael-team-content\">\n\t\t\t\t<h2 class=\"eael-team-member-name\">Marta Bonserio<\/h2><h3 class=\"eael-team-member-position\">Fundadora y directora pedag\u00f3gica de MB Consultora Educativa<\/h3>\n\t\t\t\t\t\t\t\t\t\t\t\t\t\t\t<ul class=\"eael-team-member-social-profiles\">\n\t\t\t\t\t\t\t\t\t\t\t\t\t\t\t\t\t\t\t\t\t\t\t\t\t\t\t\t\t\t\t\t\t\t\t\t\t\t\t\t\t<li class=\"eael-team-member-social-link\">\n\t\t\t\t\t\t\t\t\t\t<a href=\"https:\/\/mbconsultoraeducativa.com\/index.php\/curriculum-marta-bonserio\/\" target=\"_blank\">\n\t\t\t\t\t\t\t\t\t\t\t\t\t\t\t\t\t\t\t\t\t\t\t<i aria-hidden=\"true\" class=\"far fa-file\"><\/i>\t\t\t\t\t\t\t\t\t\t\t\t\t\t\t\t\t\t\t\t\t<\/a>\n\t\t\t\t\t\t\t\t\t<\/li>\n\t\t\t\t\t\t\t\t\t\t\t\t\t\t\t\t\t\t\t\t\t<\/ul>\n\t\t\t\t\t\t\t\t\t\t<p class=\"eael-team-text\"><\/p>\n\t\t\t\t\t\t\t<\/div>\n\t\t<\/div>\n\t<\/div>\n\t\t\t\t\t<\/div>\n\t\t\t\t<\/div>\n\t\t\t\t\t<\/div>\n\t\t<\/div>\n\t\t\t\t\t<\/div>\n\t\t<\/section>\n\t\t\t\t<section class=\"elementor-section elementor-top-section elementor-element elementor-element-732b8c6 elementor-section-boxed elementor-section-height-default elementor-section-height-default\" data-id=\"732b8c6\" data-element_type=\"section\" data-e-type=\"section\">\n\t\t\t\t\t\t<div class=\"elementor-container elementor-column-gap-default\">\n\t\t\t\t\t<div class=\"elementor-column elementor-col-100 elementor-top-column elementor-element elementor-element-aeffac0\" data-id=\"aeffac0\" data-element_type=\"column\" data-e-type=\"column\">\n\t\t\t<div class=\"elementor-widget-wrap elementor-element-populated\">\n\t\t\t\t\t\t<div class=\"elementor-element elementor-element-3607688 elementor-widget elementor-widget-image\" data-id=\"3607688\" data-element_type=\"widget\" data-e-type=\"widget\" data-widget_type=\"image.default\">\n\t\t\t\t<div class=\"elementor-widget-container\">\n\t\t\t\t\t\t\t\t\t\t\t\t\t\t\t<img fetchpriority=\"high\" decoding=\"async\" width=\"744\" height=\"744\" src=\"https:\/\/mbconsultoraeducativa.com\/wp-content\/uploads\/2026\/01\/WhatsApp-Image-2026-01-07-at-7.07.15-PM.jpeg\" class=\"attachment-large size-large wp-image-18561\" alt=\"\" srcset=\"https:\/\/mbconsultoraeducativa.com\/wp-content\/uploads\/2026\/01\/WhatsApp-Image-2026-01-07-at-7.07.15-PM.jpeg 744w, https:\/\/mbconsultoraeducativa.com\/wp-content\/uploads\/2026\/01\/WhatsApp-Image-2026-01-07-at-7.07.15-PM-300x300.jpeg 300w, https:\/\/mbconsultoraeducativa.com\/wp-content\/uploads\/2026\/01\/WhatsApp-Image-2026-01-07-at-7.07.15-PM-150x150.jpeg 150w, https:\/\/mbconsultoraeducativa.com\/wp-content\/uploads\/2026\/01\/WhatsApp-Image-2026-01-07-at-7.07.15-PM-400x400.jpeg 400w, https:\/\/mbconsultoraeducativa.com\/wp-content\/uploads\/2026\/01\/WhatsApp-Image-2026-01-07-at-7.07.15-PM-600x600.jpeg 600w, https:\/\/mbconsultoraeducativa.com\/wp-content\/uploads\/2026\/01\/WhatsApp-Image-2026-01-07-at-7.07.15-PM-100x100.jpeg 100w\" sizes=\"(max-width: 744px) 100vw, 744px\" \/>\t\t\t\t\t\t\t\t\t\t\t\t\t\t\t<\/div>\n\t\t\t\t<\/div>\n\t\t\t\t<div class=\"elementor-element elementor-element-58601f0 elementor-widget elementor-widget-icon-box\" data-id=\"58601f0\" data-element_type=\"widget\" data-e-type=\"widget\" data-widget_type=\"icon-box.default\">\n\t\t\t\t<div class=\"elementor-widget-container\">\n\t\t\t\t\t\t\t<div class=\"elementor-icon-box-wrapper\">\n\n\t\t\t\n\t\t\t\t\t\t<div class=\"elementor-icon-box-content\">\n\n\t\t\t\t\t\t\t\t\t<h3 class=\"elementor-icon-box-title\">\n\t\t\t\t\t\t<span  >\n\t\t\t\t\t\t\tHector M Carreira Mourelle\t\t\t\t\t\t<\/span>\n\t\t\t\t\t<\/h3>\n\t\t\t\t\n\t\t\t\t\t\t\t\t\t<p class=\"elementor-icon-box-description\">\n\t\t\t\t\t\tDirector Administrativo\t\t\t\t\t<\/p>\n\t\t\t\t\n\t\t\t<\/div>\n\t\t\t\n\t\t<\/div>\n\t\t\t\t\t\t<\/div>\n\t\t\t\t<\/div>\n\t\t\t\t\t<\/div>\n\t\t<\/div>\n\t\t\t\t\t<\/div>\n\t\t<\/section>\n\t\t\t\t<section class=\"elementor-section elementor-top-section elementor-element elementor-element-aef6002 elementor-section-boxed elementor-section-height-default elementor-section-height-default\" data-id=\"aef6002\" data-element_type=\"section\" data-e-type=\"section\">\n\t\t\t\t\t\t<div class=\"elementor-container elementor-column-gap-default\">\n\t\t\t\t\t<div class=\"elementor-column elementor-col-100 elementor-top-column elementor-element elementor-element-82b0302\" data-id=\"82b0302\" data-element_type=\"column\" data-e-type=\"column\">\n\t\t\t<div class=\"elementor-widget-wrap elementor-element-populated\">\n\t\t\t\t\t\t<div class=\"elementor-element elementor-element-5422874 elementor-widget-divider--view-line elementor-widget elementor-widget-divider\" data-id=\"5422874\" data-element_type=\"widget\" data-e-type=\"widget\" data-widget_type=\"divider.default\">\n\t\t\t\t<div class=\"elementor-widget-container\">\n\t\t\t\t\t\t\t<div class=\"elementor-divider\">\n\t\t\t<span class=\"elementor-divider-separator\">\n\t\t\t\t\t\t<\/span>\n\t\t<\/div>\n\t\t\t\t\t\t<\/div>\n\t\t\t\t<\/div>\n\t\t\t\t<div class=\"elementor-element elementor-element-5b5c444 elementor-widget-mobile__width-initial elementor-widget__width-initial elementor-widget elementor-widget-heading\" data-id=\"5b5c444\" data-element_type=\"widget\" data-e-type=\"widget\" data-widget_type=\"heading.default\">\n\t\t\t\t<div class=\"elementor-widget-container\">\n\t\t\t\t\t<h2 class=\"elementor-heading-title elementor-size-default\">Equipo t\u00e9cnico, editorial y marketing<\/h2>\t\t\t\t<\/div>\n\t\t\t\t<\/div>\n\t\t\t\t\t<\/div>\n\t\t<\/div>\n\t\t\t\t\t<\/div>\n\t\t<\/section>\n\t\t\t\t<section class=\"elementor-section elementor-top-section elementor-element elementor-element-451b160 elementor-section-boxed elementor-section-height-default elementor-section-height-default\" data-id=\"451b160\" data-element_type=\"section\" data-e-type=\"section\">\n\t\t\t\t\t\t<div class=\"elementor-container elementor-column-gap-default\">\n\t\t\t\t\t<div class=\"elementor-column elementor-col-50 elementor-top-column elementor-element elementor-element-02dfe34\" data-id=\"02dfe34\" data-element_type=\"column\" data-e-type=\"column\">\n\t\t\t<div class=\"elementor-widget-wrap elementor-element-populated\">\n\t\t\t\t\t\t<div class=\"elementor-element elementor-element-409bda1 elementor-widget elementor-widget-image\" data-id=\"409bda1\" data-element_type=\"widget\" data-e-type=\"widget\" data-widget_type=\"image.default\">\n\t\t\t\t<div class=\"elementor-widget-container\">\n\t\t\t\t\t\t\t\t\t\t\t\t\t\t\t<img decoding=\"async\" width=\"850\" height=\"850\" src=\"https:\/\/mbconsultoraeducativa.com\/wp-content\/uploads\/2026\/01\/Gemini_Generated_Image_wkz0viwkz0viwkz0.png\" class=\"attachment-large size-large wp-image-18728\" alt=\"\" srcset=\"https:\/\/mbconsultoraeducativa.com\/wp-content\/uploads\/2026\/01\/Gemini_Generated_Image_wkz0viwkz0viwkz0.png 850w, https:\/\/mbconsultoraeducativa.com\/wp-content\/uploads\/2026\/01\/Gemini_Generated_Image_wkz0viwkz0viwkz0-300x300.png 300w, https:\/\/mbconsultoraeducativa.com\/wp-content\/uploads\/2026\/01\/Gemini_Generated_Image_wkz0viwkz0viwkz0-150x150.png 150w, https:\/\/mbconsultoraeducativa.com\/wp-content\/uploads\/2026\/01\/Gemini_Generated_Image_wkz0viwkz0viwkz0-768x768.png 768w, https:\/\/mbconsultoraeducativa.com\/wp-content\/uploads\/2026\/01\/Gemini_Generated_Image_wkz0viwkz0viwkz0-400x400.png 400w, https:\/\/mbconsultoraeducativa.com\/wp-content\/uploads\/2026\/01\/Gemini_Generated_Image_wkz0viwkz0viwkz0-600x600.png 600w, https:\/\/mbconsultoraeducativa.com\/wp-content\/uploads\/2026\/01\/Gemini_Generated_Image_wkz0viwkz0viwkz0-100x100.png 100w\" sizes=\"(max-width: 850px) 100vw, 850px\" \/>\t\t\t\t\t\t\t\t\t\t\t\t\t\t\t<\/div>\n\t\t\t\t<\/div>\n\t\t\t\t<div class=\"elementor-element elementor-element-01eeac5 elementor-widget elementor-widget-icon-box\" data-id=\"01eeac5\" data-element_type=\"widget\" data-e-type=\"widget\" data-widget_type=\"icon-box.default\">\n\t\t\t\t<div class=\"elementor-widget-container\">\n\t\t\t\t\t\t\t<div class=\"elementor-icon-box-wrapper\">\n\n\t\t\t\n\t\t\t\t\t\t<div class=\"elementor-icon-box-content\">\n\n\t\t\t\t\t\t\t\t\t<h3 class=\"elementor-icon-box-title\">\n\t\t\t\t\t\t<span  >\n\t\t\t\t\t\t\tCandela Fern\u00e1ndez Melotti\t\t\t\t\t\t<\/span>\n\t\t\t\t\t<\/h3>\n\t\t\t\t\n\t\t\t\t\t\t\t\t\t<p class=\"elementor-icon-box-description\">\n\t\t\t\t\t\tPsicopedagoga, asistente tecnol\u00f3gica y editora.\t\t\t\t\t<\/p>\n\t\t\t\t\n\t\t\t<\/div>\n\t\t\t\n\t\t<\/div>\n\t\t\t\t\t\t<\/div>\n\t\t\t\t<\/div>\n\t\t\t\t\t<\/div>\n\t\t<\/div>\n\t\t\t\t<div class=\"elementor-column elementor-col-50 elementor-top-column elementor-element elementor-element-2dd1032\" data-id=\"2dd1032\" data-element_type=\"column\" data-e-type=\"column\">\n\t\t\t<div class=\"elementor-widget-wrap elementor-element-populated\">\n\t\t\t\t\t\t<div class=\"elementor-element elementor-element-dfadfdb elementor-widget elementor-widget-image\" data-id=\"dfadfdb\" data-element_type=\"widget\" data-e-type=\"widget\" data-widget_type=\"image.default\">\n\t\t\t\t<div class=\"elementor-widget-container\">\n\t\t\t\t\t\t\t\t\t\t\t\t\t\t\t<img decoding=\"async\" width=\"851\" height=\"851\" src=\"https:\/\/mbconsultoraeducativa.com\/wp-content\/uploads\/2026\/01\/WhatsApp-Image-2026-01-08-at-11.30.17-AM.jpeg\" class=\"attachment-large size-large wp-image-18726\" alt=\"\" srcset=\"https:\/\/mbconsultoraeducativa.com\/wp-content\/uploads\/2026\/01\/WhatsApp-Image-2026-01-08-at-11.30.17-AM.jpeg 851w, https:\/\/mbconsultoraeducativa.com\/wp-content\/uploads\/2026\/01\/WhatsApp-Image-2026-01-08-at-11.30.17-AM-300x300.jpeg 300w, https:\/\/mbconsultoraeducativa.com\/wp-content\/uploads\/2026\/01\/WhatsApp-Image-2026-01-08-at-11.30.17-AM-150x150.jpeg 150w, https:\/\/mbconsultoraeducativa.com\/wp-content\/uploads\/2026\/01\/WhatsApp-Image-2026-01-08-at-11.30.17-AM-768x768.jpeg 768w, https:\/\/mbconsultoraeducativa.com\/wp-content\/uploads\/2026\/01\/WhatsApp-Image-2026-01-08-at-11.30.17-AM-400x400.jpeg 400w, https:\/\/mbconsultoraeducativa.com\/wp-content\/uploads\/2026\/01\/WhatsApp-Image-2026-01-08-at-11.30.17-AM-600x600.jpeg 600w, https:\/\/mbconsultoraeducativa.com\/wp-content\/uploads\/2026\/01\/WhatsApp-Image-2026-01-08-at-11.30.17-AM-100x100.jpeg 100w\" sizes=\"(max-width: 851px) 100vw, 851px\" \/>\t\t\t\t\t\t\t\t\t\t\t\t\t\t\t<\/div>\n\t\t\t\t<\/div>\n\t\t\t\t<div class=\"elementor-element elementor-element-02741c6 elementor-widget elementor-widget-icon-box\" data-id=\"02741c6\" data-element_type=\"widget\" data-e-type=\"widget\" data-widget_type=\"icon-box.default\">\n\t\t\t\t<div class=\"elementor-widget-container\">\n\t\t\t\t\t\t\t<div class=\"elementor-icon-box-wrapper\">\n\n\t\t\t\n\t\t\t\t\t\t<div class=\"elementor-icon-box-content\">\n\n\t\t\t\t\t\t\t\t\t<h3 class=\"elementor-icon-box-title\">\n\t\t\t\t\t\t<span  >\n\t\t\t\t\t\t\tAgustina Bistoletti\t\t\t\t\t\t<\/span>\n\t\t\t\t\t<\/h3>\n\t\t\t\t\n\t\t\t\t\t\t\t\t\t<p class=\"elementor-icon-box-description\">\n\t\t\t\t\t\tMarketing, publicidad y dise\u00f1o.\t\t\t\t\t<\/p>\n\t\t\t\t\n\t\t\t<\/div>\n\t\t\t\n\t\t<\/div>\n\t\t\t\t\t\t<\/div>\n\t\t\t\t<\/div>\n\t\t\t\t\t<\/div>\n\t\t<\/div>\n\t\t\t\t\t<\/div>\n\t\t<\/section>\n\t\t\t\t<\/div>\n\t\t","protected":false},"excerpt":{"rendered":"<p>NUESTRO EQUIPO Marta Bonserio Fundadora y directora pedag\u00f3gica de MB Consultora Educativa Hector M Carreira Mourelle Director Administrativo Equipo t\u00e9cnico, editorial y marketing Candela Fern\u00e1ndez Melotti Psicopedagoga, asistente tecnol\u00f3gica y editora. Agustina Bistoletti Marketing, publicidad y dise\u00f1o.<\/p>\n","protected":false},"author":2,"featured_media":0,"parent":0,"menu_order":0,"comment_status":"closed","ping_status":"closed","template":"","meta":{"site-sidebar-layout":"no-sidebar","site-content-layout":"","ast-site-content-layout":"full-width-container","site-content-style":"default","site-sidebar-style":"default","ast-global-header-display":"","ast-banner-title-visibility":"","ast-main-header-display":"","ast-hfb-above-header-display":"","ast-hfb-below-header-display":"","ast-hfb-mobile-header-display":"","site-post-title":"disabled","ast-breadcrumbs-content":"","ast-featured-img":"disabled","footer-sml-layout":"","ast-disable-related-posts":"","theme-transparent-header-meta":"","adv-header-id-meta":"","stick-header-meta":"","header-above-stick-meta":"","header-main-stick-meta":"","header-below-stick-meta":"","astra-migrate-meta-layouts":"default","ast-page-background-enabled":"default","ast-page-background-meta":{"desktop":{"background-color":"var(--ast-global-color-4)","background-image":"","background-repeat":"repeat","background-position":"center center","background-size":"auto","background-attachment":"scroll","background-type":"","background-media":"","overlay-type":"","overlay-color":"","overlay-opacity":"","overlay-gradient":""},"tablet":{"background-color":"","background-image":"","background-repeat":"repeat","background-position":"center center","background-size":"auto","background-attachment":"scroll","background-type":"","background-media":"","overlay-type":"","overlay-color":"","overlay-opacity":"","overlay-gradient":""},"mobile":{"background-color":"","background-image":"","background-repeat":"repeat","background-position":"center center","background-size":"auto","background-attachment":"scroll","background-type":"","background-media":"","overlay-type":"","overlay-color":"","overlay-opacity":"","overlay-gradient":""}},"ast-content-background-meta":{"desktop":{"background-color":"var(--ast-global-color-5)","background-image":"","background-repeat":"repeat","background-position":"center center","background-size":"auto","background-attachment":"scroll","background-type":"","background-media":"","overlay-type":"","overlay-color":"","overlay-opacity":"","overlay-gradient":""},"tablet":{"background-color":"var(--ast-global-color-5)","background-image":"","background-repeat":"repeat","background-position":"center center","background-size":"auto","background-attachment":"scroll","background-type":"","background-media":"","overlay-type":"","overlay-color":"","overlay-opacity":"","overlay-gradient":""},"mobile":{"background-color":"var(--ast-global-color-5)","background-image":"","background-repeat":"repeat","background-position":"center center","background-size":"auto","background-attachment":"scroll","background-type":"","background-media":"","overlay-type":"","overlay-color":"","overlay-opacity":"","overlay-gradient":""}},"_joinchat":[],"footnotes":""},"class_list":["post-18560","page","type-page","status-publish","hentry"],"_links":{"self":[{"href":"https:\/\/mbconsultoraeducativa.com\/index.php\/wp-json\/wp\/v2\/pages\/18560","targetHints":{"allow":["GET"]}}],"collection":[{"href":"https:\/\/mbconsultoraeducativa.com\/index.php\/wp-json\/wp\/v2\/pages"}],"about":[{"href":"https:\/\/mbconsultoraeducativa.com\/index.php\/wp-json\/wp\/v2\/types\/page"}],"author":[{"embeddable":true,"href":"https:\/\/mbconsultoraeducativa.com\/index.php\/wp-json\/wp\/v2\/users\/2"}],"replies":[{"embeddable":true,"href":"https:\/\/mbconsultoraeducativa.com\/index.php\/wp-json\/wp\/v2\/comments?post=18560"}],"version-history":[{"count":50,"href":"https:\/\/mbconsultoraeducativa.com\/index.php\/wp-json\/wp\/v2\/pages\/18560\/revisions"}],"predecessor-version":[{"id":19873,"href":"https:\/\/mbconsultoraeducativa.com\/index.php\/wp-json\/wp\/v2\/pages\/18560\/revisions\/19873"}],"wp:attachment":[{"href":"https:\/\/mbconsultoraeducativa.com\/index.php\/wp-json\/wp\/v2\/media?parent=18560"}],"curies":[{"name":"wp","href":"https:\/\/api.w.org\/{rel}","templated":true}]}}