{"id":1683,"date":"2023-12-08T19:27:27","date_gmt":"2023-12-08T22:27:27","guid":{"rendered":"https:\/\/mbconsultoraeducativa.com\/?page_id=1683"},"modified":"2025-02-17T13:17:01","modified_gmt":"2025-02-17T16:17:01","slug":"cursos-intensivos-en-vivo-para-cargo-jerarquico","status":"publish","type":"page","link":"https:\/\/mbconsultoraeducativa.com\/index.php\/cursos-intensivos-en-vivo-para-cargo-jerarquico\/","title":{"rendered":"Cursos intensivos en vivo para cargo jerarquico"},"content":{"rendered":"\t\t<div data-elementor-type=\"wp-page\" data-elementor-id=\"1683\" class=\"elementor elementor-1683\" data-elementor-post-type=\"page\">\n\t\t\t\t\t\t<section class=\"elementor-section elementor-top-section elementor-element elementor-element-c78be56 elementor-section-boxed elementor-section-height-default elementor-section-height-default\" data-id=\"c78be56\" data-element_type=\"section\" data-e-type=\"section\">\n\t\t\t\t\t\t<div class=\"elementor-container elementor-column-gap-default\">\n\t\t\t\t\t<div class=\"elementor-column elementor-col-100 elementor-top-column elementor-element elementor-element-0f574d9\" data-id=\"0f574d9\" data-element_type=\"column\" data-e-type=\"column\">\n\t\t\t<div class=\"elementor-widget-wrap elementor-element-populated\">\n\t\t\t\t\t\t<div class=\"elementor-element elementor-element-658b0af elementor-invisible elementor-widget elementor-widget-heading\" data-id=\"658b0af\" data-element_type=\"widget\" data-e-type=\"widget\" data-settings=\"{&quot;_animation&quot;:&quot;fadeInUp&quot;}\" data-widget_type=\"heading.default\">\n\t\t\t\t<div class=\"elementor-widget-container\">\n\t\t\t\t\t<h2 class=\"elementor-heading-title elementor-size-default\">Cursos de verano<br>\u00fanicos cursos en vivo del 2025<\/h2>\t\t\t\t<\/div>\n\t\t\t\t<\/div>\n\t\t\t\t\t<\/div>\n\t\t<\/div>\n\t\t\t\t\t<\/div>\n\t\t<\/section>\n\t\t\t\t<section class=\"elementor-section elementor-top-section elementor-element elementor-element-2935f678 elementor-section-boxed elementor-section-height-default elementor-section-height-default\" data-id=\"2935f678\" data-element_type=\"section\" data-e-type=\"section\">\n\t\t\t\t\t\t<div class=\"elementor-container elementor-column-gap-default\">\n\t\t\t\t\t<div class=\"elementor-column elementor-col-33 elementor-top-column elementor-element elementor-element-61b5247a\" data-id=\"61b5247a\" data-element_type=\"column\" data-e-type=\"column\" data-settings=\"{&quot;background_background&quot;:&quot;classic&quot;}\">\n\t\t\t<div class=\"elementor-widget-wrap elementor-element-populated\">\n\t\t\t\t\t\t<div class=\"elementor-element elementor-element-346ae850 eael-pricing-content-align-center eael-pricing-button-align-center elementor-widget elementor-widget-eael-pricing-table\" data-id=\"346ae850\" data-element_type=\"widget\" data-e-type=\"widget\" data-widget_type=\"eael-pricing-table.default\">\n\t\t\t\t<div class=\"elementor-widget-container\">\n\t\t\t\t\t    <div class=\"eael-pricing style-1 eael-header-devider\">\n                    <div class=\"eael-pricing-item featured ribbon-2\">\n                <div class=\"header\">\n                    <h2 class=\"title\">Prueba de selecci\u00f3n para Director\/a<\/h2>\n                <\/div>\n                <div class=\"eael-pricing-tag\">\n                    <span class=\"price-tag\"><del class=\"original-price\">\n                    <span class=\"price-currency\">$<\/span>109.000<\/del>\n                <span class=\"sale-price\">\n                    <span class=\"price-currency\">$<\/span>99.600<\/span><\/span><span class=\"price-period\"><\/span>                <\/div>\n                <div class=\"body\">\n                            <ul>\n                            <li class=\"eael-pricing-item-feature elementor-repeater-item-394f99a\">\n                    \n                                <span class=\"li-icon\">\n                            <\/span>\n\n        \n                    <span >3 o 6 cuotas sin inter\u00e9s con tarjeta<\/span>\n                    \n                     \n                <\/li>\n                            <li class=\"eael-pricing-item-feature elementor-repeater-item-666b03f\">\n                    \n                                <span class=\"li-icon\">\n                            <\/span>\n\n        \n                    <span >10% de descuento mediante transferencia<\/span>\n                    \n                     \n                <\/li>\n                            <li class=\"eael-pricing-item-feature elementor-repeater-item-7de9e61\">\n                    \n                                <span class=\"li-icon\">\n                <i aria-hidden=\"true\" class=\"fas fa-check\"><\/i>            <\/span>\n\n        \n                    <span >4 clases en vivo<\/span>\n                    \n                     \n                <\/li>\n                            <li class=\"eael-pricing-item-feature elementor-repeater-item-5e844ef\">\n                    \n                                <span class=\"li-icon\">\n                <i aria-hidden=\"true\" class=\"fas fa-check\"><\/i>            <\/span>\n\n        \n                    <span >Bibliograf\u00eda actualizada y organizada por ejes<\/span>\n                    \n                     \n                <\/li>\n                            <li class=\"eael-pricing-item-feature elementor-repeater-item-fb423f3\">\n                    \n                                <span class=\"li-icon\">\n                <i aria-hidden=\"true\" class=\"fas fa-check\"><\/i>            <\/span>\n\n        \n                    <span >Pr\u00e1cticas de coloquio<\/span>\n                    \n                     \n                <\/li>\n                            <li class=\"eael-pricing-item-feature elementor-repeater-item-e278d46\">\n                    \n                                <span class=\"li-icon\">\n                <i aria-hidden=\"true\" class=\"fas fa-check\"><\/i>            <\/span>\n\n        \n                    <span >Pr\u00e1cticas de resolucion de problematicas <\/span>\n                    \n                     \n                <\/li>\n                            <li class=\"eael-pricing-item-feature elementor-repeater-item-3152a92\">\n                    \n                                <span class=\"li-icon\">\n                <i aria-hidden=\"true\" class=\"fas fa-check\"><\/i>            <\/span>\n\n        \n                    <span >Material complementario<\/span>\n                    \n                     \n                <\/li>\n                            <li class=\"eael-pricing-item-feature elementor-repeater-item-8093f29\">\n                    \n                                <span class=\"li-icon\">\n                <i aria-hidden=\"true\" class=\"fas fa-check\"><\/i>            <\/span>\n\n        \n                    <span >Correcciones y espacios de consulta<\/span>\n                    \n                     \n                <\/li>\n                            <li class=\"eael-pricing-item-feature elementor-repeater-item-63a416c\">\n                    \n                                <span class=\"li-icon\">\n                <i aria-hidden=\"true\" class=\"fas fa-check\"><\/i>            <\/span>\n\n        \n                    <span >2 e-books de regalo<\/span>\n                    \n                     \n                <\/li>\n                    <\/ul>\n                    <\/div>\n                                <div class=\"footer\">\n                    <a class=\"eael-pricing-button\" href=\"https:\/\/mbconsultoraeducativa.com\/index.php\/intensivo-prueba-de-seleccion-para-director-a\/\" >\n                                                                                Ver curso                                            <\/a>\n                <\/div>\n                            <\/div>\n                    <\/div>\n    \t\t\t\t<\/div>\n\t\t\t\t<\/div>\n\t\t\t\t\t<\/div>\n\t\t<\/div>\n\t\t\t\t<div class=\"elementor-column elementor-col-33 elementor-top-column elementor-element elementor-element-132d7a92\" data-id=\"132d7a92\" data-element_type=\"column\" data-e-type=\"column\" data-settings=\"{&quot;background_background&quot;:&quot;classic&quot;}\">\n\t\t\t<div class=\"elementor-widget-wrap elementor-element-populated\">\n\t\t\t\t\t\t<div class=\"elementor-element elementor-element-e46bb48 eael-pricing-content-align-center eael-pricing-button-align-center elementor-widget elementor-widget-eael-pricing-table\" data-id=\"e46bb48\" data-element_type=\"widget\" data-e-type=\"widget\" data-widget_type=\"eael-pricing-table.default\">\n\t\t\t\t<div class=\"elementor-widget-container\">\n\t\t\t\t\t    <div class=\"eael-pricing style-1 eael-header-devider\">\n                    <div class=\"eael-pricing-item featured ribbon-2\">\n                <div class=\"header\">\n                    <h2 class=\"title\">Prueba de selecci\u00f3n para Inspector\/a<\/h2>\n                <\/div>\n                <div class=\"eael-pricing-tag\">\n                    <span class=\"price-tag\"><del class=\"original-price\">\n                    <span class=\"price-currency\">$<\/span>109.000<\/del>\n                <span class=\"sale-price\">\n                    <span class=\"price-currency\">$<\/span>99.600<\/span><\/span><span class=\"price-period\"><\/span>                <\/div>\n                <div class=\"body\">\n                            <ul>\n                            <li class=\"eael-pricing-item-feature elementor-repeater-item-394f99a\">\n                    \n                                <span class=\"li-icon\">\n                            <\/span>\n\n        \n                    <span >3 o 6 cuotas sin inter\u00e9s con tarjeta<\/span>\n                    \n                     \n                <\/li>\n                            <li class=\"eael-pricing-item-feature elementor-repeater-item-70c7e01\">\n                    \n                                <span class=\"li-icon\">\n                            <\/span>\n\n        \n                    <span >10% de descuento mediante transferencia<\/span>\n                    \n                     \n                <\/li>\n                            <li class=\"eael-pricing-item-feature elementor-repeater-item-a9da7d1\">\n                    \n                                <span class=\"li-icon\">\n                <i aria-hidden=\"true\" class=\"fas fa-check\"><\/i>            <\/span>\n\n        \n                    <span >4 clases en vivo<\/span>\n                    \n                     \n                <\/li>\n                            <li class=\"eael-pricing-item-feature elementor-repeater-item-5e844ef\">\n                    \n                                <span class=\"li-icon\">\n                <i aria-hidden=\"true\" class=\"fas fa-check\"><\/i>            <\/span>\n\n        \n                    <span >Bibliograf\u00eda actualizada y organizada por ejes<\/span>\n                    \n                     \n                <\/li>\n                            <li class=\"eael-pricing-item-feature elementor-repeater-item-fb423f3\">\n                    \n                                <span class=\"li-icon\">\n                <i aria-hidden=\"true\" class=\"fas fa-check\"><\/i>            <\/span>\n\n        \n                    <span >Pr\u00e1cticas de coloquio<\/span>\n                    \n                     \n                <\/li>\n                            <li class=\"eael-pricing-item-feature elementor-repeater-item-e278d46\">\n                    \n                                <span class=\"li-icon\">\n                <i aria-hidden=\"true\" class=\"fas fa-check\"><\/i>            <\/span>\n\n        \n                    <span >Pr\u00e1cticas de resolucion de problematicas <\/span>\n                    \n                     \n                <\/li>\n                            <li class=\"eael-pricing-item-feature elementor-repeater-item-b656b3e\">\n                    \n                                <span class=\"li-icon\">\n                <i aria-hidden=\"true\" class=\"fas fa-check\"><\/i>            <\/span>\n\n        \n                    <span >Pr\u00e1cticas de resolucion de informes de visita a escuela<\/span>\n                    \n                     \n                <\/li>\n                            <li class=\"eael-pricing-item-feature elementor-repeater-item-3152a92\">\n                    \n                                <span class=\"li-icon\">\n                <i aria-hidden=\"true\" class=\"fas fa-check\"><\/i>            <\/span>\n\n        \n                    <span >Material complementario<\/span>\n                    \n                     \n                <\/li>\n                            <li class=\"eael-pricing-item-feature elementor-repeater-item-8093f29\">\n                    \n                                <span class=\"li-icon\">\n                <i aria-hidden=\"true\" class=\"fas fa-check\"><\/i>            <\/span>\n\n        \n                    <span >Correcciones y espacios de consulta<\/span>\n                    \n                     \n                <\/li>\n                            <li class=\"eael-pricing-item-feature elementor-repeater-item-63a416c\">\n                    \n                                <span class=\"li-icon\">\n                <i aria-hidden=\"true\" class=\"fas fa-check\"><\/i>            <\/span>\n\n        \n                    <span >2 e-books de regalo<\/span>\n                    \n                     \n                <\/li>\n                    <\/ul>\n                    <\/div>\n                                <div class=\"footer\">\n                    <a class=\"eael-pricing-button\" href=\"https:\/\/mbconsultoraeducativa.com\/index.php\/intensivo-prueba-de-seleccion-para-inspector-a\/\" >\n                                                                                Ver curso                                            <\/a>\n                <\/div>\n                            <\/div>\n                    <\/div>\n    \t\t\t\t<\/div>\n\t\t\t\t<\/div>\n\t\t\t\t\t<\/div>\n\t\t<\/div>\n\t\t\t\t<div class=\"elementor-column elementor-col-33 elementor-top-column elementor-element elementor-element-1c2dc73\" data-id=\"1c2dc73\" data-element_type=\"column\" data-e-type=\"column\" data-settings=\"{&quot;background_background&quot;:&quot;classic&quot;}\">\n\t\t\t<div class=\"elementor-widget-wrap elementor-element-populated\">\n\t\t\t\t\t\t<div class=\"elementor-element elementor-element-88921ac eael-pricing-content-align-center eael-pricing-button-align-center elementor-widget elementor-widget-eael-pricing-table\" data-id=\"88921ac\" data-element_type=\"widget\" data-e-type=\"widget\" data-widget_type=\"eael-pricing-table.default\">\n\t\t\t\t<div class=\"elementor-widget-container\">\n\t\t\t\t\t    <div class=\"eael-pricing style-1 eael-header-devider\">\n                    <div class=\"eael-pricing-item featured ribbon-2\">\n                <div class=\"header\">\n                    <h2 class=\"title\">Prueba de selecci\u00f3n para Secretario\/a<\/h2>\n                <\/div>\n                <div class=\"eael-pricing-tag\">\n                    <span class=\"price-tag\"><del class=\"original-price\">\n                    <span class=\"price-currency\">$<\/span>109.000<\/del>\n                <span class=\"sale-price\">\n                    <span class=\"price-currency\">$<\/span>99.600<\/span><\/span><span class=\"price-period\"><\/span>                <\/div>\n                <div class=\"body\">\n                            <ul>\n                            <li class=\"eael-pricing-item-feature elementor-repeater-item-394f99a\">\n                    \n                                <span class=\"li-icon\">\n                            <\/span>\n\n        \n                    <span >3 o 6 cuotas sin inter\u00e9s con tarjeta<\/span>\n                    \n                     \n                <\/li>\n                            <li class=\"eael-pricing-item-feature elementor-repeater-item-bcc9e9b\">\n                    \n                                <span class=\"li-icon\">\n                            <\/span>\n\n        \n                    <span >10% de descuento mediante transferencia<\/span>\n                    \n                     \n                <\/li>\n                            <li class=\"eael-pricing-item-feature elementor-repeater-item-13ad0b9\">\n                    \n                                <span class=\"li-icon\">\n                <i aria-hidden=\"true\" class=\"fas fa-check\"><\/i>            <\/span>\n\n        \n                    <span >4 clases en vivo<\/span>\n                    \n                     \n                <\/li>\n                            <li class=\"eael-pricing-item-feature elementor-repeater-item-5e844ef\">\n                    \n                                <span class=\"li-icon\">\n                <i aria-hidden=\"true\" class=\"fas fa-check\"><\/i>            <\/span>\n\n        \n                    <span >Bibliograf\u00eda actualizada y organizada por ejes<\/span>\n                    \n                     \n                <\/li>\n                            <li class=\"eael-pricing-item-feature elementor-repeater-item-fb423f3\">\n                    \n                                <span class=\"li-icon\">\n                <i aria-hidden=\"true\" class=\"fas fa-check\"><\/i>            <\/span>\n\n        \n                    <span >Pr\u00e1cticas de coloquio<\/span>\n                    \n                     \n                <\/li>\n                            <li class=\"eael-pricing-item-feature elementor-repeater-item-e278d46\">\n                    \n                                <span class=\"li-icon\">\n                <i aria-hidden=\"true\" class=\"fas fa-check\"><\/i>            <\/span>\n\n        \n                    <span >Pr\u00e1cticas de resolucion de problematicas <\/span>\n                    \n                     \n                <\/li>\n                            <li class=\"eael-pricing-item-feature elementor-repeater-item-3152a92\">\n                    \n                                <span class=\"li-icon\">\n                <i aria-hidden=\"true\" class=\"fas fa-check\"><\/i>            <\/span>\n\n        \n                    <span >Material complementario<\/span>\n                    \n                     \n                <\/li>\n                            <li class=\"eael-pricing-item-feature elementor-repeater-item-8093f29\">\n                    \n                                <span class=\"li-icon\">\n                <i aria-hidden=\"true\" class=\"fas fa-check\"><\/i>            <\/span>\n\n        \n                    <span >Correcciones y espacios de consulta<\/span>\n                    \n                     \n                <\/li>\n                            <li class=\"eael-pricing-item-feature elementor-repeater-item-63a416c\">\n                    \n                                <span class=\"li-icon\">\n                <i aria-hidden=\"true\" class=\"fas fa-check\"><\/i>            <\/span>\n\n        \n                    <span >2 e-books de regalo<\/span>\n                    \n                     \n                <\/li>\n                    <\/ul>\n                    <\/div>\n                                <div class=\"footer\">\n                    <a class=\"eael-pricing-button\" href=\"https:\/\/mbconsultoraeducativa.com\/index.php\/intensivo-prueba-de-seleccion-para-secretaria-o\/\" >\n                                                                                Ver curso                                            <\/a>\n                <\/div>\n                            <\/div>\n                    <\/div>\n    \t\t\t\t<\/div>\n\t\t\t\t<\/div>\n\t\t\t\t\t<\/div>\n\t\t<\/div>\n\t\t\t\t\t<\/div>\n\t\t<\/section>\n\t\t\t\t<\/div>\n\t\t","protected":false},"excerpt":{"rendered":"<p>Cursos de verano\u00fanicos cursos en vivo del 2025 Prueba de selecci\u00f3n para Director\/a $109.000 $99.600 3 o 6 cuotas sin inter\u00e9s con tarjeta 10% de descuento mediante transferencia 4 clases en vivo Bibliograf\u00eda actualizada y organizada por ejes Pr\u00e1cticas de coloquio Pr\u00e1cticas de resolucion de problematicas Material complementario Correcciones y espacios de consulta 2 e-books [&hellip;]<\/p>\n","protected":false},"author":1,"featured_media":0,"parent":0,"menu_order":0,"comment_status":"closed","ping_status":"closed","template":"elementor_header_footer","meta":{"site-sidebar-layout":"no-sidebar","site-content-layout":"","ast-site-content-layout":"full-width-container","site-content-style":"default","site-sidebar-style":"default","ast-global-header-display":"","ast-banner-title-visibility":"","ast-main-header-display":"","ast-hfb-above-header-display":"","ast-hfb-below-header-display":"","ast-hfb-mobile-header-display":"","site-post-title":"disabled","ast-breadcrumbs-content":"","ast-featured-img":"disabled","footer-sml-layout":"","ast-disable-related-posts":"","theme-transparent-header-meta":"","adv-header-id-meta":"","stick-header-meta":"","header-above-stick-meta":"","header-main-stick-meta":"","header-below-stick-meta":"","astra-migrate-meta-layouts":"default","ast-page-background-enabled":"default","ast-page-background-meta":{"desktop":{"background-color":"var(--ast-global-color-4)","background-image":"","background-repeat":"repeat","background-position":"center center","background-size":"auto","background-attachment":"scroll","background-type":"","background-media":"","overlay-type":"","overlay-color":"","overlay-opacity":"","overlay-gradient":""},"tablet":{"background-color":"","background-image":"","background-repeat":"repeat","background-position":"center center","background-size":"auto","background-attachment":"scroll","background-type":"","background-media":"","overlay-type":"","overlay-color":"","overlay-opacity":"","overlay-gradient":""},"mobile":{"background-color":"","background-image":"","background-repeat":"repeat","background-position":"center center","background-size":"auto","background-attachment":"scroll","background-type":"","background-media":"","overlay-type":"","overlay-color":"","overlay-opacity":"","overlay-gradient":""}},"ast-content-background-meta":{"desktop":{"background-color":"var(--ast-global-color-5)","background-image":"","background-repeat":"repeat","background-position":"center center","background-size":"auto","background-attachment":"scroll","background-type":"","background-media":"","overlay-type":"","overlay-color":"","overlay-opacity":"","overlay-gradient":""},"tablet":{"background-color":"var(--ast-global-color-5)","background-image":"","background-repeat":"repeat","background-position":"center center","background-size":"auto","background-attachment":"scroll","background-type":"","background-media":"","overlay-type":"","overlay-color":"","overlay-opacity":"","overlay-gradient":""},"mobile":{"background-color":"var(--ast-global-color-5)","background-image":"","background-repeat":"repeat","background-position":"center center","background-size":"auto","background-attachment":"scroll","background-type":"","background-media":"","overlay-type":"","overlay-color":"","overlay-opacity":"","overlay-gradient":""}},"_joinchat":[],"footnotes":""},"class_list":["post-1683","page","type-page","status-publish","hentry"],"_links":{"self":[{"href":"https:\/\/mbconsultoraeducativa.com\/index.php\/wp-json\/wp\/v2\/pages\/1683","targetHints":{"allow":["GET"]}}],"collection":[{"href":"https:\/\/mbconsultoraeducativa.com\/index.php\/wp-json\/wp\/v2\/pages"}],"about":[{"href":"https:\/\/mbconsultoraeducativa.com\/index.php\/wp-json\/wp\/v2\/types\/page"}],"author":[{"embeddable":true,"href":"https:\/\/mbconsultoraeducativa.com\/index.php\/wp-json\/wp\/v2\/users\/1"}],"replies":[{"embeddable":true,"href":"https:\/\/mbconsultoraeducativa.com\/index.php\/wp-json\/wp\/v2\/comments?post=1683"}],"version-history":[{"count":82,"href":"https:\/\/mbconsultoraeducativa.com\/index.php\/wp-json\/wp\/v2\/pages\/1683\/revisions"}],"predecessor-version":[{"id":12874,"href":"https:\/\/mbconsultoraeducativa.com\/index.php\/wp-json\/wp\/v2\/pages\/1683\/revisions\/12874"}],"wp:attachment":[{"href":"https:\/\/mbconsultoraeducativa.com\/index.php\/wp-json\/wp\/v2\/media?parent=1683"}],"curies":[{"name":"wp","href":"https:\/\/api.w.org\/{rel}","templated":true}]}}